{"id":2212,"date":"2021-08-30T10:44:04","date_gmt":"2021-08-30T10:44:04","guid":{"rendered":"https:\/\/new.protekal.mk\/?page_id=2212"},"modified":"2021-09-14T07:22:55","modified_gmt":"2021-09-14T07:22:55","slug":"video","status":"publish","type":"page","link":"http:\/\/protekal.mk\/sq\/video\/","title":{"rendered":"Video"},"content":{"rendered":"<div data-elementor-type=\"wp-page\" data-elementor-id=\"2212\" class=\"elementor elementor-2212\" data-elementor-settings=\"[]\">\n\t\t\t\t\t\t\t<div class=\"elementor-section-wrap\">\n\t\t\t\t\t\t\t<section class=\"elementor-section elementor-top-section elementor-element elementor-element-c89fa44 elementor-section-boxed elementor-section-height-default elementor-section-height-default\" data-id=\"c89fa44\" data-element_type=\"section\">\n\t\t\t\t\t\t<div class=\"elementor-container elementor-column-gap-default\">\n\t\t\t\t\t<div class=\"elementor-column elementor-col-50 elementor-top-column elementor-element elementor-element-20ce912\" data-id=\"20ce912\" data-element_type=\"column\">\n\t\t\t<div class=\"elementor-widget-wrap elementor-element-populated\">\n\t\t\t\t\t\t\t\t<div class=\"elementor-element elementor-element-6e4fed4 elementor-aspect-ratio-169 elementor-widget elementor-widget-video\" data-id=\"6e4fed4\" data-element_type=\"widget\" data-settings=\"{&quot;youtube_url&quot;:&quot;https:\\\/\\\/www.youtube.com\\\/watch?v=83JwG4k33lU&amp;ab_channel=DraganMarkovik&quot;,&quot;video_type&quot;:&quot;youtube&quot;,&quot;controls&quot;:&quot;yes&quot;,&quot;aspect_ratio&quot;:&quot;169&quot;}\" data-widget_type=\"video.default\">\n\t\t\t\t<div class=\"elementor-widget-container\">\n\t\t\t\t\t<div class=\"elementor-wrapper elementor-fit-aspect-ratio elementor-open-inline\">\n\t\t\t<div class=\"elementor-video\"><\/div>\t\t<\/div>\n\t\t\t\t<\/div>\n\t\t\t\t<\/div>\n\t\t\t\t<div class=\"elementor-element elementor-element-7c1ab68 elementor-widget elementor-widget-heading\" data-id=\"7c1ab68\" data-element_type=\"widget\" data-widget_type=\"heading.default\">\n\t\t\t\t<div class=\"elementor-widget-container\">\n\t\t\t<h2 class=\"elementor-heading-title elementor-size-default\">\u0415\u043c\u0438\u0441\u0438\u0458\u0430 \u043d\u0430 \u0410\u043b\u0444\u0430 \u0422\u0412, \u041a\u0430\u043a\u043e \u0412\u0435\u043b\u0438\u043a\u0430 \u0410\u043d\u0433\u0435\u043b\u043a\u043e\u0432\u0430 \u0438\u0437\u0433\u0443\u0431\u0438 70\u043a\u0433 \u0437\u0430 \u0435\u0434\u043d\u0430 \u0433\u043e\u0434\u0438\u043d\u0430 \u0441\u043e Protekal \u0434\u0438\u0435\u0442\u0430\u0442\u0430<\/h2>\t\t<\/div>\n\t\t\t\t<\/div>\n\t\t\t\t\t<\/div>\n\t\t<\/div>\n\t\t\t\t<div class=\"elementor-column elementor-col-50 elementor-top-column elementor-element elementor-element-53c76dd\" data-id=\"53c76dd\" data-element_type=\"column\">\n\t\t\t<div class=\"elementor-widget-wrap elementor-element-populated\">\n\t\t\t\t\t\t\t\t<div class=\"elementor-element elementor-element-d3878ea elementor-aspect-ratio-169 elementor-widget elementor-widget-video\" data-id=\"d3878ea\" data-element_type=\"widget\" data-settings=\"{&quot;youtube_url&quot;:&quot;https:\\\/\\\/www.youtube.com\\\/watch?v=rTmXLW83Gbw&amp;ab_channel=%D0%9A%D0%B0%D0%BD%D0%B0%D0%BB5%D0%A2%D0%B5%D0%BB%D0%B5%D0%B2%D0%B8%D0%B7%D0%B8%D1%98%D0%B0&quot;,&quot;video_type&quot;:&quot;youtube&quot;,&quot;controls&quot;:&quot;yes&quot;,&quot;aspect_ratio&quot;:&quot;169&quot;}\" data-widget_type=\"video.default\">\n\t\t\t\t<div class=\"elementor-widget-container\">\n\t\t\t\t\t<div class=\"elementor-wrapper elementor-fit-aspect-ratio elementor-open-inline\">\n\t\t\t<div class=\"elementor-video\"><\/div>\t\t<\/div>\n\t\t\t\t<\/div>\n\t\t\t\t<\/div>\n\t\t\t\t<div class=\"elementor-element elementor-element-ab3a5d7 elementor-widget elementor-widget-heading\" data-id=\"ab3a5d7\" data-element_type=\"widget\" data-widget_type=\"heading.default\">\n\t\t\t\t<div class=\"elementor-widget-container\">\n\t\t\t<h2 class=\"elementor-heading-title elementor-size-default\"><a href=\"https:\/\/www.youtube.com\/watch?v=rTmXLW83Gbw&#038;ab_channel=%D0%9A%D0%B0%D0%BD%D0%B0%D0%BB5%D0%A2%D0%B5%D0%BB%D0%B5%D0%B2%D0%B8%D0%B7%D0%B8%D1%98%D0%B0\">\u0412\u043e \u0434\u043d\u0435\u0432\u043d\u0438\u043a\u043e\u0442 \u043d\u0430 \u041a\u0430\u043d\u0430\u043b5 \u0422\u0412 \u041f\u0435\u0458\u0430\u0447\u043a\u0430\u0442\u0430 \u041d\u0430\u0442\u0430\u0448\u0430 \u041c\u0438\u0458\u0430\u0442\u0430 \u0440\u0430\u0441\u043a\u0430\u0436\u0443\u0432\u0430 \u043a\u0430\u043a\u043e \u0438\u0437\u0433\u0443\u0431\u0438\u043b\u0430 \u043d\u0430\u0434 40\u043a\u0433 \u0437\u0430 6 \u043c\u0435\u0441\u0435\u0446\u0438<\/a><\/h2>\t\t<\/div>\n\t\t\t\t<\/div>\n\t\t\t\t\t<\/div>\n\t\t<\/div>\n\t\t\t\t\t\t\t<\/div>\n\t\t<\/section>\n\t\t\t\t<section class=\"elementor-section elementor-top-section elementor-element elementor-element-9e19fb7 elementor-section-boxed elementor-section-height-default elementor-section-height-default\" data-id=\"9e19fb7\" data-element_type=\"section\">\n\t\t\t\t\t\t<div class=\"elementor-container elementor-column-gap-default\">\n\t\t\t\t\t<div class=\"elementor-column elementor-col-50 elementor-top-column elementor-element elementor-element-b7c6114\" data-id=\"b7c6114\" data-element_type=\"column\">\n\t\t\t<div class=\"elementor-widget-wrap elementor-element-populated\">\n\t\t\t\t\t\t\t\t<div class=\"elementor-element elementor-element-6dccd48 elementor-aspect-ratio-169 elementor-widget elementor-widget-video\" data-id=\"6dccd48\" data-element_type=\"widget\" data-settings=\"{&quot;youtube_url&quot;:&quot;https:\\\/\\\/youtu.be\\\/TQPAioDCxT0&quot;,&quot;video_type&quot;:&quot;youtube&quot;,&quot;controls&quot;:&quot;yes&quot;,&quot;aspect_ratio&quot;:&quot;169&quot;}\" data-widget_type=\"video.default\">\n\t\t\t\t<div class=\"elementor-widget-container\">\n\t\t\t\t\t<div class=\"elementor-wrapper elementor-fit-aspect-ratio elementor-open-inline\">\n\t\t\t<div class=\"elementor-video\"><\/div>\t\t<\/div>\n\t\t\t\t<\/div>\n\t\t\t\t<\/div>\n\t\t\t\t<div class=\"elementor-element elementor-element-1dab158 elementor-widget elementor-widget-heading\" data-id=\"1dab158\" data-element_type=\"widget\" data-widget_type=\"heading.default\">\n\t\t\t\t<div class=\"elementor-widget-container\">\n\t\t\t<h2 class=\"elementor-heading-title elementor-size-default\">\u0418\u043d\u0442\u0435\u0440\u0432\u0458\u0443 \u0441\u043e \u0434\u0440.\u0413\u043e\u0440\u0434\u0430\u043d\u0430 \u041c\u0430\u0440\u043a\u043e\u0432\u0438\u045c, \u0415\u043c\u0438\u0441\u0438\u0458\u0430: \u0416\u0438\u0432\u043e\u0442 \u0441\u043e \u0441\u0442\u0438\u043b, \u0410\u043b\u0444\u0430 \u0442\u0435\u043b\u0435\u0432\u0438\u0437\u0438\u0458\u0430<\/h2>\t\t<\/div>\n\t\t\t\t<\/div>\n\t\t\t\t\t<\/div>\n\t\t<\/div>\n\t\t\t\t<div class=\"elementor-column elementor-col-50 elementor-top-column elementor-element elementor-element-5a71005\" data-id=\"5a71005\" data-element_type=\"column\">\n\t\t\t<div class=\"elementor-widget-wrap elementor-element-populated\">\n\t\t\t\t\t\t\t\t<div class=\"elementor-element elementor-element-50a55a2 elementor-aspect-ratio-169 elementor-widget elementor-widget-video\" data-id=\"50a55a2\" data-element_type=\"widget\" data-settings=\"{&quot;youtube_url&quot;:&quot;https:\\\/\\\/youtu.be\\\/7dbC-RHLXss&quot;,&quot;video_type&quot;:&quot;youtube&quot;,&quot;controls&quot;:&quot;yes&quot;,&quot;aspect_ratio&quot;:&quot;169&quot;}\" data-widget_type=\"video.default\">\n\t\t\t\t<div class=\"elementor-widget-container\">\n\t\t\t\t\t<div class=\"elementor-wrapper elementor-fit-aspect-ratio elementor-open-inline\">\n\t\t\t<div class=\"elementor-video\"><\/div>\t\t<\/div>\n\t\t\t\t<\/div>\n\t\t\t\t<\/div>\n\t\t\t\t<div class=\"elementor-element elementor-element-040a601 elementor-widget elementor-widget-heading\" data-id=\"040a601\" data-element_type=\"widget\" data-widget_type=\"heading.default\">\n\t\t\t\t<div class=\"elementor-widget-container\">\n\t\t\t<h2 class=\"elementor-heading-title elementor-size-default\"><a href=\"https:\/\/www.youtube.com\/watch?v=rTmXLW83Gbw&#038;ab_channel=%D0%9A%D0%B0%D0%BD%D0%B0%D0%BB5%D0%A2%D0%B5%D0%BB%D0%B5%D0%B2%D0%B8%D0%B7%D0%B8%D1%98%D0%B0\">Protekal - \u041f\u0440\u043e\u0442\u0435\u0438\u043d\u0441\u043a\u0430 \u0434\u0438\u0435\u0442\u0430 - \u041c\u0422\u04121 - 2\u0434\u0435\u043b<\/a><\/h2>\t\t<\/div>\n\t\t\t\t<\/div>\n\t\t\t\t\t<\/div>\n\t\t<\/div>\n\t\t\t\t\t\t\t<\/div>\n\t\t<\/section>\n\t\t\t\t<section class=\"elementor-section elementor-top-section elementor-element elementor-element-324e397 elementor-section-boxed elementor-section-height-default elementor-section-height-default\" data-id=\"324e397\" data-element_type=\"section\">\n\t\t\t\t\t\t<div class=\"elementor-container elementor-column-gap-default\">\n\t\t\t\t\t<div class=\"elementor-column elementor-col-50 elementor-top-column elementor-element elementor-element-81b41e7\" data-id=\"81b41e7\" data-element_type=\"column\">\n\t\t\t<div class=\"elementor-widget-wrap elementor-element-populated\">\n\t\t\t\t\t\t\t\t<div class=\"elementor-element elementor-element-5f2083d elementor-aspect-ratio-169 elementor-widget elementor-widget-video\" data-id=\"5f2083d\" data-element_type=\"widget\" data-settings=\"{&quot;youtube_url&quot;:&quot;https:\\\/\\\/www.youtube.com\\\/watch?v=vpr1aAQ8Z3s&amp;ab_channel=DraganMarkovik&quot;,&quot;video_type&quot;:&quot;youtube&quot;,&quot;controls&quot;:&quot;yes&quot;,&quot;aspect_ratio&quot;:&quot;169&quot;}\" data-widget_type=\"video.default\">\n\t\t\t\t<div class=\"elementor-widget-container\">\n\t\t\t\t\t<div class=\"elementor-wrapper elementor-fit-aspect-ratio elementor-open-inline\">\n\t\t\t<div class=\"elementor-video\"><\/div>\t\t<\/div>\n\t\t\t\t<\/div>\n\t\t\t\t<\/div>\n\t\t\t\t\t<\/div>\n\t\t<\/div>\n\t\t\t\t<div class=\"elementor-column elementor-col-50 elementor-top-column elementor-element elementor-element-3a56b59\" data-id=\"3a56b59\" data-element_type=\"column\">\n\t\t\t<div class=\"elementor-widget-wrap elementor-element-populated\">\n\t\t\t\t\t\t\t\t<div class=\"elementor-element elementor-element-8ca3b63 elementor-aspect-ratio-169 elementor-widget elementor-widget-video\" data-id=\"8ca3b63\" data-element_type=\"widget\" data-settings=\"{&quot;youtube_url&quot;:&quot;https:\\\/\\\/www.youtube.com\\\/watch?v=KndW12qshIE&amp;ab_channel=DraganMarkovik&quot;,&quot;video_type&quot;:&quot;youtube&quot;,&quot;controls&quot;:&quot;yes&quot;,&quot;aspect_ratio&quot;:&quot;169&quot;}\" data-widget_type=\"video.default\">\n\t\t\t\t<div class=\"elementor-widget-container\">\n\t\t\t\t\t<div class=\"elementor-wrapper elementor-fit-aspect-ratio elementor-open-inline\">\n\t\t\t<div class=\"elementor-video\"><\/div>\t\t<\/div>\n\t\t\t\t<\/div>\n\t\t\t\t<\/div>\n\t\t\t\t\t<\/div>\n\t\t<\/div>\n\t\t\t\t\t\t\t<\/div>\n\t\t<\/section>\n\t\t\t\t<section class=\"elementor-section elementor-top-section elementor-element elementor-element-070359d elementor-section-stretched elementor-section-boxed elementor-section-height-default elementor-section-height-default\" data-id=\"070359d\" data-element_type=\"section\" data-settings=\"{&quot;background_background&quot;:&quot;gradient&quot;,&quot;stretch_section&quot;:&quot;section-stretched&quot;}\">\n\t\t\t\t\t\t<div class=\"elementor-container elementor-column-gap-no\">\n\t\t\t\t\t<div class=\"elementor-column elementor-col-50 elementor-top-column elementor-element elementor-element-ba3f0fe\" data-id=\"ba3f0fe\" data-element_type=\"column\">\n\t\t\t<div class=\"elementor-widget-wrap elementor-element-populated\">\n\t\t\t\t\t\t\t\t<div class=\"elementor-element elementor-element-ad76ee2 elementor-widget elementor-widget-heading\" data-id=\"ad76ee2\" data-element_type=\"widget\" data-widget_type=\"heading.default\">\n\t\t\t\t<div class=\"elementor-widget-container\">\n\t\t\t<h3 class=\"elementor-heading-title elementor-size-default\">Keni nevoj\u00eb? Na kontaktoni menj\u00ebher\u00eb <\/h3>\t\t<\/div>\n\t\t\t\t<\/div>\n\t\t\t\t\t<\/div>\n\t\t<\/div>\n\t\t\t\t<div class=\"elementor-column elementor-col-50 elementor-top-column elementor-element elementor-element-d822e99\" data-id=\"d822e99\" data-element_type=\"column\">\n\t\t\t<div class=\"elementor-widget-wrap elementor-element-populated\">\n\t\t\t\t\t\t\t\t<div class=\"elementor-element elementor-element-8adc4df elementor-align-right elementor-mobile-align-center elementor-widget elementor-widget-button\" data-id=\"8adc4df\" data-element_type=\"widget\" data-widget_type=\"button.default\">\n\t\t\t\t<div class=\"elementor-widget-container\">\n\t\t\t\t\t<div class=\"elementor-button-wrapper\">\n\t\t\t<a href=\"#\" class=\"elementor-button-link elementor-button elementor-size-sm elementor-animation-grow\" role=\"button\">\n\t\t\t\t\t\t<span class=\"elementor-button-content-wrapper\">\n\t\t\t\t\t\t<span class=\"elementor-button-text\">Na kontaktoni<\/span>\n\t\t<\/span>\n\t\t\t\t\t<\/a>\n\t\t<\/div>\n\t\t\t\t<\/div>\n\t\t\t\t<\/div>\n\t\t\t\t\t<\/div>\n\t\t<\/div>\n\t\t\t\t\t\t\t<\/div>\n\t\t<\/section>\n\t\t\t\t<section class=\"elementor-section elementor-top-section elementor-element elementor-element-60de83f elementor-section-boxed elementor-section-height-default elementor-section-height-default\" data-id=\"60de83f\" data-element_type=\"section\">\n\t\t\t\t\t\t<div class=\"elementor-container elementor-column-gap-default\">\n\t\t\t\t\t<div class=\"elementor-column elementor-col-100 elementor-top-column elementor-element elementor-element-ff98791\" data-id=\"ff98791\" data-element_type=\"column\">\n\t\t\t<div class=\"elementor-widget-wrap elementor-element-populated\">\n\t\t\t\t\t\t\t\t<div class=\"elementor-element elementor-element-8e67e62 elementor-icon-list--layout-inline elementor-align-center elementor-list-item-link-full_width elementor-widget elementor-widget-icon-list\" data-id=\"8e67e62\" data-element_type=\"widget\" data-widget_type=\"icon-list.default\">\n\t\t\t\t<div class=\"elementor-widget-container\">\n\t\t\t\t\t<ul class=\"elementor-icon-list-items elementor-inline-items\">\n\t\t\t\t\t\t\t<li class=\"elementor-icon-list-item elementor-inline-item\">\n\t\t\t\t\t\t\t\t\t\t\t<a href=\"https:\/\/www.facebook.com\/zakratheme\">\n\n\t\t\t\t\t\t\t\t\t\t\t\t<span class=\"elementor-icon-list-icon\">\n\t\t\t\t\t\t\t<i aria-hidden=\"true\" class=\"fab fa-facebook-f\"><\/i>\t\t\t\t\t\t<\/span>\n\t\t\t\t\t\t\t\t\t\t<span class=\"elementor-icon-list-text\"><\/span>\n\t\t\t\t\t\t\t\t\t\t\t<\/a>\n\t\t\t\t\t\t\t\t\t<\/li>\n\t\t\t\t\t\t\t\t<li class=\"elementor-icon-list-item elementor-inline-item\">\n\t\t\t\t\t\t\t\t\t\t\t<a href=\"https:\/\/twitter.com\/zakratheme\/\">\n\n\t\t\t\t\t\t\t\t\t\t\t\t<span class=\"elementor-icon-list-icon\">\n\t\t\t\t\t\t\t<i aria-hidden=\"true\" class=\"fab fa-twitter\"><\/i>\t\t\t\t\t\t<\/span>\n\t\t\t\t\t\t\t\t\t\t<span class=\"elementor-icon-list-text\"><\/span>\n\t\t\t\t\t\t\t\t\t\t\t<\/a>\n\t\t\t\t\t\t\t\t\t<\/li>\n\t\t\t\t\t\t\t\t<li class=\"elementor-icon-list-item elementor-inline-item\">\n\t\t\t\t\t\t\t\t\t\t\t<a href=\"https:\/\/www.linkedin.com\/company\/themegrill-pvt.-ltd.\/\">\n\n\t\t\t\t\t\t\t\t\t\t\t\t<span class=\"elementor-icon-list-icon\">\n\t\t\t\t\t\t\t<i aria-hidden=\"true\" class=\"fab fa-linkedin-in\"><\/i>\t\t\t\t\t\t<\/span>\n\t\t\t\t\t\t\t\t\t\t<span class=\"elementor-icon-list-text\"><\/span>\n\t\t\t\t\t\t\t\t\t\t\t<\/a>\n\t\t\t\t\t\t\t\t\t<\/li>\n\t\t\t\t\t\t\t\t<li class=\"elementor-icon-list-item elementor-inline-item\">\n\t\t\t\t\t\t\t\t\t\t\t<a href=\"https:\/\/www.youtube.com\/channel\/UCxxUb-k2cT43fNXY-V39LXw\">\n\n\t\t\t\t\t\t\t\t\t\t\t\t<span class=\"elementor-icon-list-icon\">\n\t\t\t\t\t\t\t<i aria-hidden=\"true\" class=\"fab fa-youtube\"><\/i>\t\t\t\t\t\t<\/span>\n\t\t\t\t\t\t\t\t\t\t<span class=\"elementor-icon-list-text\"><\/span>\n\t\t\t\t\t\t\t\t\t\t\t<\/a>\n\t\t\t\t\t\t\t\t\t<\/li>\n\t\t\t\t\t\t\t\t<li class=\"elementor-icon-list-item elementor-inline-item\">\n\t\t\t\t\t\t\t\t\t\t\t<a href=\"https:\/\/www.pinterest.co.uk\/themegrill\">\n\n\t\t\t\t\t\t\t\t\t\t\t\t<span class=\"elementor-icon-list-icon\">\n\t\t\t\t\t\t\t<i aria-hidden=\"true\" class=\"fab fa-pinterest\"><\/i>\t\t\t\t\t\t<\/span>\n\t\t\t\t\t\t\t\t\t\t<span class=\"elementor-icon-list-text\"><\/span>\n\t\t\t\t\t\t\t\t\t\t\t<\/a>\n\t\t\t\t\t\t\t\t\t<\/li>\n\t\t\t\t\t\t<\/ul>\n\t\t\t\t<\/div>\n\t\t\t\t<\/div>\n\t\t\t\t\t<\/div>\n\t\t<\/div>\n\t\t\t\t\t\t\t<\/div>\n\t\t<\/section>\n\t\t\t\t\t\t<\/div>\n\t\t\t\t\t<\/div>","protected":false},"excerpt":{"rendered":"<p>\u0415\u043c\u0438\u0441\u0438\u0458\u0430 \u043d\u0430 \u0410\u043b\u0444\u0430 \u0422\u0412, \u041a\u0430\u043a\u043e \u0412\u0435\u043b\u0438\u043a\u0430 \u0410\u043d\u0433\u0435\u043b\u043a\u043e\u0432\u0430 \u0438\u0437\u0433\u0443\u0431\u0438 70\u043a\u0433 \u0437\u0430 \u0435\u0434\u043d\u0430 \u0433\u043e\u0434\u0438\u043d\u0430 \u0441\u043e Protekal \u0434\u0438\u0435\u0442\u0430\u0442\u0430 \u0412\u043e \u0434\u043d\u0435\u0432\u043d\u0438\u043a\u043e\u0442 \u043d\u0430 \u041a\u0430\u043d\u0430\u043b5 \u0422\u0412 \u041f\u0435\u0458\u0430\u0447\u043a\u0430\u0442\u0430 \u041d\u0430\u0442\u0430\u0448\u0430 \u041c\u0438\u0458\u0430\u0442\u0430 \u0440\u0430\u0441\u043a\u0430\u0436\u0443\u0432\u0430 \u043a\u0430\u043a\u043e \u0438\u0437\u0433\u0443\u0431\u0438\u043b\u0430 \u043d\u0430\u0434 40\u043a\u0433 \u0437\u0430 6 \u043c\u0435\u0441\u0435\u0446\u0438 \u0418\u043d\u0442\u0435\u0440\u0432\u0458\u0443 \u0441\u043e \u0434\u0440.\u0413\u043e\u0440\u0434\u0430\u043d\u0430 \u041c\u0430\u0440\u043a\u043e\u0432\u0438\u045c, \u0415\u043c\u0438\u0441\u0438\u0458\u0430: \u0416\u0438\u0432\u043e\u0442 \u0441\u043e \u0441\u0442\u0438\u043b, \u0410\u043b\u0444\u0430 \u0442\u0435\u043b\u0435\u0432\u0438\u0437\u0438\u0458\u0430 Protekal &#8211; \u041f\u0440\u043e\u0442\u0435\u0438\u043d\u0441\u043a\u0430 \u0434\u0438\u0435\u0442\u0430 &#8211; \u041c\u0422\u04121 &#8211; 2\u0434\u0435\u043b Keni nevoj\u00eb? Na kontaktoni menj\u00ebher\u00eb Na [&hellip;]<\/p>","protected":false},"author":1,"featured_media":0,"parent":0,"menu_order":0,"comment_status":"closed","ping_status":"closed","template":"elementor_header_footer","meta":[],"_links":{"self":[{"href":"http:\/\/protekal.mk\/sq\/wp-json\/wp\/v2\/pages\/2212"}],"collection":[{"href":"http:\/\/protekal.mk\/sq\/wp-json\/wp\/v2\/pages"}],"about":[{"href":"http:\/\/protekal.mk\/sq\/wp-json\/wp\/v2\/types\/page"}],"author":[{"embeddable":true,"href":"http:\/\/protekal.mk\/sq\/wp-json\/wp\/v2\/users\/1"}],"replies":[{"embeddable":true,"href":"http:\/\/protekal.mk\/sq\/wp-json\/wp\/v2\/comments?post=2212"}],"version-history":[{"count":7,"href":"http:\/\/protekal.mk\/sq\/wp-json\/wp\/v2\/pages\/2212\/revisions"}],"predecessor-version":[{"id":2650,"href":"http:\/\/protekal.mk\/sq\/wp-json\/wp\/v2\/pages\/2212\/revisions\/2650"}],"wp:attachment":[{"href":"http:\/\/protekal.mk\/sq\/wp-json\/wp\/v2\/media?parent=2212"}],"curies":[{"name":"wp","href":"https:\/\/api.w.org\/{rel}","templated":true}]}}