{"id":2084,"date":"2021-08-30T08:34:18","date_gmt":"2021-08-30T08:34:18","guid":{"rendered":"https:\/\/new.protekal.mk\/?page_id=2084"},"modified":"2021-10-07T08:18:32","modified_gmt":"2021-10-07T08:18:32","slug":"diete-per-grate-shtatzena","status":"publish","type":"page","link":"https:\/\/protekal.mk\/sq\/diete-per-grate-shtatzena\/","title":{"rendered":"Diet\u00eb p\u00ebr grat\u00eb shtatz\u00ebna"},"content":{"rendered":"<div data-elementor-type=\"wp-page\" data-elementor-id=\"2084\" class=\"elementor elementor-2084\" data-elementor-settings=\"[]\">\n\t\t\t\t\t\t\t<div class=\"elementor-section-wrap\">\n\t\t\t\t\t\t\t<section class=\"elementor-section elementor-top-section elementor-element elementor-element-5a99a28 elementor-section-full_width elementor-section-stretched elementor-section-height-default elementor-section-height-default\" data-id=\"5a99a28\" data-element_type=\"section\" data-settings=\"{&quot;stretch_section&quot;:&quot;section-stretched&quot;,&quot;background_background&quot;:&quot;classic&quot;}\">\n\t\t\t\t\t\t<div class=\"elementor-container elementor-column-gap-default\">\n\t\t\t\t\t<div class=\"elementor-column elementor-col-100 elementor-top-column elementor-element elementor-element-1b43514\" data-id=\"1b43514\" data-element_type=\"column\">\n\t\t\t<div class=\"elementor-widget-wrap\">\n\t\t\t\t\t\t\t\t\t<\/div>\n\t\t<\/div>\n\t\t\t\t\t\t\t<\/div>\n\t\t<\/section>\n\t\t\t\t<section class=\"elementor-section elementor-top-section elementor-element elementor-element-112fa54 elementor-section-boxed elementor-section-height-default elementor-section-height-default\" data-id=\"112fa54\" data-element_type=\"section\">\n\t\t\t\t\t\t<div class=\"elementor-container elementor-column-gap-default\">\n\t\t\t\t\t<div class=\"elementor-column elementor-col-100 elementor-top-column elementor-element elementor-element-06a7bf7\" data-id=\"06a7bf7\" data-element_type=\"column\">\n\t\t\t<div class=\"elementor-widget-wrap elementor-element-populated\">\n\t\t\t\t\t\t\t\t<div class=\"elementor-element elementor-element-408032a elementor-widget elementor-widget-heading\" data-id=\"408032a\" data-element_type=\"widget\" data-widget_type=\"heading.default\">\n\t\t\t\t<div class=\"elementor-widget-container\">\n\t\t\t<h2 class=\"elementor-heading-title elementor-size-default\">Diet\u00eb p\u00ebr grat\u00eb shtatz\u00ebna<\/h2>\t\t<\/div>\n\t\t\t\t<\/div>\n\t\t\t\t<div class=\"elementor-element elementor-element-4e91dc1 elementor-widget elementor-widget-text-editor\" data-id=\"4e91dc1\" data-element_type=\"widget\" data-widget_type=\"text-editor.default\">\n\t\t\t\t<div class=\"elementor-widget-container\">\n\t\t\t\t\t\t\t<p><span style=\"font-weight: 400;\">Ushqyerja e duhur dhe ndryshimi i shprehive t\u00eb jet\u00ebs mund t\u00eb parandalojn\u00eb obezitetin gjat\u00eb shtatz\u00ebnis\u00eb dhe t\u00eb shmang pasojat e pad\u00ebshiruara. N\u00ebn mbik\u00ebqyrjen e\u00a0 dietolegut, ushqimi i duhur ka nj\u00eb efekt pozitiv si p\u00ebr gruan shtatz\u00ebn\u00eb ashtu edhe p\u00ebr foshnj\u00ebn.<\/span><\/p><p><span style=\"font-weight: 400;\">Obeziteti gjat\u00eb shtatz\u00ebnis\u00eb mund t\u00eb \u00e7oj\u00eb n\u00eb pasoja t\u00eb pad\u00ebshiruara. T\u00eb qenit mbipesh\u00eb dhe obez mund t\u00eb shkaktoj\u00eb v\u00ebshtir\u00ebsi n\u00eb mbetjen shtatz\u00ebn\u00eb, shfaqjen e diabetit gjat\u00eb shtatz\u00ebnis\u00eb, anemi, venat e zgjeruara n\u00eb k\u00ebmb\u00eb, rritjen e tensionit t\u00eb gjakut dhe sasin\u00eb e yndyr\u00ebs n\u00eb gjak. Komplikimet mund t\u00eb ndodhin edhe gjat\u00eb lindjes, e cila shpesh kryhet me prerje cezariane p\u00ebr shkak t\u00eb mbipesh\u00ebs. Hemorragjia pas lindjes \u00ebsht\u00eb m\u00eb e zakonshme sesa te grat\u00eb shtatz\u00ebna me pesh\u00eb normale trupore. Shpesh ndodhin infeksionet urinare dhe ato gjenitale. P\u00ebr t\u00eb shmangur t\u00eb gjitha nd\u00ebrlikimet e m\u00ebsip\u00ebrme, \u00ebsht\u00eb e nevojshme t\u00eb merren masa kund\u00ebr obezitetit n\u00eb fillim t\u00eb shtatz\u00ebnis\u00eb, kryesisht me nj\u00eb ushqyerje t\u00eb duhur.<\/span><\/p><p><span style=\"font-weight: 400;\">\u00a0Shtatz\u00ebna nuk duhet t\u00eb shtoj\u00eb m\u00eb shum\u00eb se 15 kilogram\u00eb gjat\u00eb n\u00ebnt\u00eb muajve t\u00eb shtatz\u00ebnis\u00eb, dhe \u00ebsht\u00eb e d\u00ebshirueshme q\u00eb pesha e saj trupore t\u00eb mos rritet\u00a0 tep\u00ebr shum\u00eb n\u00eb muajt e par\u00eb, sepse kjo mund t\u00eb \u00e7oj\u00eb n\u00eb diabet gjat\u00eb shtatz\u00ebnis\u00eb.<\/span><\/p><p><span style=\"font-weight: 400;\">P\u00ebr t\u00eb parandaluar mbipesh\u00ebn e tep\u00ebrt tek grat\u00eb shtatz\u00ebna, dietologu yn\u00eb p\u00ebrshkruan nj\u00eb diet\u00eb me kalori t\u00eb ul\u00ebt, t\u00eb pasur me ushqime q\u00eb p\u00ebrmbajn\u00eb proteina, minerale, vitamina, vajra omega 3 dhe disa shujta z\u00ebvend\u00ebson me shujtat Protekal.<\/span><\/p><p><span style=\"font-weight: 400;\">Duke pasur parasysh q\u00eb dieta Protekal \u00ebsht\u00eb mjek\u00ebsore, fillimisht \u00ebsht\u00eb e dedikuar\u00a0 p\u00ebr t\u00eb ruajtur dhe p\u00ebrmir\u00ebsuar sh\u00ebndetin e pacient\u00ebve dhe, n\u00eb p\u00ebrputhje me rrethanat, \u00ebsht\u00eb p\u00ebrshtatur individualisht p\u00ebr secilin pacient. Sipas dietolog\u00ebve tan\u00eb, grat\u00eb shtatz\u00ebna jan\u00eb n\u00eb nj\u00eb regjim t\u00eb ve\u00e7ant\u00eb n\u00eb t\u00eb cilin jemi t\u00eb sigurt se do t\u00eb ket\u00eb mjaftuesh\u00ebm elemente ushqyese p\u00ebr zhvillimin e duhur t\u00eb fetusit dhe pa kalori t\u00eb panevojshme q\u00eb do t&#8217;i sigurojn\u00eb n\u00ebn\u00ebs nj\u00eb humbje t\u00eb suksesshme t\u00eb pesh\u00ebs s\u00eb tep\u00ebrt.<\/span><\/p>\t\t\t\t\t\t<\/div>\n\t\t\t\t<\/div>\n\t\t\t\t\t<\/div>\n\t\t<\/div>\n\t\t\t\t\t\t\t<\/div>\n\t\t<\/section>\n\t\t\t\t<section class=\"elementor-section elementor-top-section elementor-element elementor-element-92617d1 elementor-section-stretched elementor-section-boxed elementor-section-height-default elementor-section-height-default\" data-id=\"92617d1\" data-element_type=\"section\" data-settings=\"{&quot;background_background&quot;:&quot;gradient&quot;,&quot;stretch_section&quot;:&quot;section-stretched&quot;}\">\n\t\t\t\t\t\t<div class=\"elementor-container elementor-column-gap-no\">\n\t\t\t\t\t<div class=\"elementor-column elementor-col-50 elementor-top-column elementor-element elementor-element-af21f6d\" data-id=\"af21f6d\" data-element_type=\"column\">\n\t\t\t<div class=\"elementor-widget-wrap elementor-element-populated\">\n\t\t\t\t\t\t\t\t<div class=\"elementor-element elementor-element-ad78bd2 elementor-widget elementor-widget-heading\" data-id=\"ad78bd2\" data-element_type=\"widget\" data-widget_type=\"heading.default\">\n\t\t\t\t<div class=\"elementor-widget-container\">\n\t\t\t<h3 class=\"elementor-heading-title elementor-size-default\">Keni nevoj\u00eb? Na kontaktoni menj\u00ebher\u00eb <\/h3>\t\t<\/div>\n\t\t\t\t<\/div>\n\t\t\t\t\t<\/div>\n\t\t<\/div>\n\t\t\t\t<div class=\"elementor-column elementor-col-50 elementor-top-column elementor-element elementor-element-0e628a1\" data-id=\"0e628a1\" data-element_type=\"column\">\n\t\t\t<div class=\"elementor-widget-wrap elementor-element-populated\">\n\t\t\t\t\t\t\t\t<div class=\"elementor-element elementor-element-ce9bf2d elementor-align-right elementor-mobile-align-center elementor-widget elementor-widget-button\" data-id=\"ce9bf2d\" data-element_type=\"widget\" data-widget_type=\"button.default\">\n\t\t\t\t<div class=\"elementor-widget-container\">\n\t\t\t\t\t<div class=\"elementor-button-wrapper\">\n\t\t\t<a href=\"https:\/\/protekal.mk\/contact\/\" class=\"elementor-button-link elementor-button elementor-size-sm elementor-animation-grow\" role=\"button\">\n\t\t\t\t\t\t<span class=\"elementor-button-content-wrapper\">\n\t\t\t\t\t\t<span class=\"elementor-button-text\">Na kontaktoni<\/span>\n\t\t<\/span>\n\t\t\t\t\t<\/a>\n\t\t<\/div>\n\t\t\t\t<\/div>\n\t\t\t\t<\/div>\n\t\t\t\t\t<\/div>\n\t\t<\/div>\n\t\t\t\t\t\t\t<\/div>\n\t\t<\/section>\n\t\t\t\t<section class=\"elementor-section elementor-top-section elementor-element elementor-element-1febe56 elementor-section-boxed elementor-section-height-default elementor-section-height-default\" data-id=\"1febe56\" data-element_type=\"section\">\n\t\t\t\t\t\t<div class=\"elementor-container elementor-column-gap-default\">\n\t\t\t\t\t<div class=\"elementor-column elementor-col-100 elementor-top-column elementor-element elementor-element-20c386b\" data-id=\"20c386b\" data-element_type=\"column\">\n\t\t\t<div class=\"elementor-widget-wrap elementor-element-populated\">\n\t\t\t\t\t\t\t\t<div class=\"elementor-element elementor-element-02e9407 elementor-icon-list--layout-inline elementor-align-center elementor-list-item-link-full_width elementor-widget elementor-widget-icon-list\" data-id=\"02e9407\" data-element_type=\"widget\" data-widget_type=\"icon-list.default\">\n\t\t\t\t<div class=\"elementor-widget-container\">\n\t\t\t\t\t<ul class=\"elementor-icon-list-items elementor-inline-items\">\n\t\t\t\t\t\t\t<li class=\"elementor-icon-list-item elementor-inline-item\">\n\t\t\t\t\t\t\t\t\t\t\t<a href=\"https:\/\/www.facebook.com\/zakratheme\">\n\n\t\t\t\t\t\t\t\t\t\t\t\t<span class=\"elementor-icon-list-icon\">\n\t\t\t\t\t\t\t<i aria-hidden=\"true\" class=\"fab fa-facebook-f\"><\/i>\t\t\t\t\t\t<\/span>\n\t\t\t\t\t\t\t\t\t\t<span class=\"elementor-icon-list-text\"><\/span>\n\t\t\t\t\t\t\t\t\t\t\t<\/a>\n\t\t\t\t\t\t\t\t\t<\/li>\n\t\t\t\t\t\t\t\t<li class=\"elementor-icon-list-item elementor-inline-item\">\n\t\t\t\t\t\t\t\t\t\t\t<a href=\"https:\/\/twitter.com\/zakratheme\/\">\n\n\t\t\t\t\t\t\t\t\t\t\t\t<span class=\"elementor-icon-list-icon\">\n\t\t\t\t\t\t\t<i aria-hidden=\"true\" class=\"fab fa-twitter\"><\/i>\t\t\t\t\t\t<\/span>\n\t\t\t\t\t\t\t\t\t\t<span class=\"elementor-icon-list-text\"><\/span>\n\t\t\t\t\t\t\t\t\t\t\t<\/a>\n\t\t\t\t\t\t\t\t\t<\/li>\n\t\t\t\t\t\t\t\t<li class=\"elementor-icon-list-item elementor-inline-item\">\n\t\t\t\t\t\t\t\t\t\t\t<a href=\"https:\/\/www.linkedin.com\/company\/themegrill-pvt.-ltd.\/\">\n\n\t\t\t\t\t\t\t\t\t\t\t\t<span class=\"elementor-icon-list-icon\">\n\t\t\t\t\t\t\t<i aria-hidden=\"true\" class=\"fab fa-linkedin-in\"><\/i>\t\t\t\t\t\t<\/span>\n\t\t\t\t\t\t\t\t\t\t<span class=\"elementor-icon-list-text\"><\/span>\n\t\t\t\t\t\t\t\t\t\t\t<\/a>\n\t\t\t\t\t\t\t\t\t<\/li>\n\t\t\t\t\t\t\t\t<li class=\"elementor-icon-list-item elementor-inline-item\">\n\t\t\t\t\t\t\t\t\t\t\t<a href=\"https:\/\/www.youtube.com\/channel\/UCxxUb-k2cT43fNXY-V39LXw\">\n\n\t\t\t\t\t\t\t\t\t\t\t\t<span class=\"elementor-icon-list-icon\">\n\t\t\t\t\t\t\t<i aria-hidden=\"true\" class=\"fab fa-youtube\"><\/i>\t\t\t\t\t\t<\/span>\n\t\t\t\t\t\t\t\t\t\t<span class=\"elementor-icon-list-text\"><\/span>\n\t\t\t\t\t\t\t\t\t\t\t<\/a>\n\t\t\t\t\t\t\t\t\t<\/li>\n\t\t\t\t\t\t\t\t<li class=\"elementor-icon-list-item elementor-inline-item\">\n\t\t\t\t\t\t\t\t\t\t\t<a href=\"https:\/\/www.pinterest.co.uk\/themegrill\">\n\n\t\t\t\t\t\t\t\t\t\t\t\t<span class=\"elementor-icon-list-icon\">\n\t\t\t\t\t\t\t<i aria-hidden=\"true\" class=\"fab fa-pinterest\"><\/i>\t\t\t\t\t\t<\/span>\n\t\t\t\t\t\t\t\t\t\t<span class=\"elementor-icon-list-text\"><\/span>\n\t\t\t\t\t\t\t\t\t\t\t<\/a>\n\t\t\t\t\t\t\t\t\t<\/li>\n\t\t\t\t\t\t<\/ul>\n\t\t\t\t<\/div>\n\t\t\t\t<\/div>\n\t\t\t\t\t<\/div>\n\t\t<\/div>\n\t\t\t\t\t\t\t<\/div>\n\t\t<\/section>\n\t\t\t\t\t\t<\/div>\n\t\t\t\t\t<\/div>","protected":false},"excerpt":{"rendered":"<p>Diet\u00eb p\u00ebr grat\u00eb shtatz\u00ebna Ushqyerja e duhur dhe ndryshimi i shprehive t\u00eb jet\u00ebs mund t\u00eb parandalojn\u00eb obezitetin gjat\u00eb shtatz\u00ebnis\u00eb dhe t\u00eb shmang pasojat e pad\u00ebshiruara. N\u00ebn mbik\u00ebqyrjen e\u00a0 dietolegut, ushqimi i duhur ka nj\u00eb efekt pozitiv si p\u00ebr gruan shtatz\u00ebn\u00eb ashtu edhe p\u00ebr foshnj\u00ebn. Obeziteti gjat\u00eb shtatz\u00ebnis\u00eb mund t\u00eb \u00e7oj\u00eb n\u00eb pasoja t\u00eb pad\u00ebshiruara. T\u00eb [&hellip;]<\/p>","protected":false},"author":1,"featured_media":0,"parent":0,"menu_order":0,"comment_status":"closed","ping_status":"closed","template":"elementor_header_footer","meta":[],"_links":{"self":[{"href":"https:\/\/protekal.mk\/sq\/wp-json\/wp\/v2\/pages\/2084"}],"collection":[{"href":"https:\/\/protekal.mk\/sq\/wp-json\/wp\/v2\/pages"}],"about":[{"href":"https:\/\/protekal.mk\/sq\/wp-json\/wp\/v2\/types\/page"}],"author":[{"embeddable":true,"href":"https:\/\/protekal.mk\/sq\/wp-json\/wp\/v2\/users\/1"}],"replies":[{"embeddable":true,"href":"https:\/\/protekal.mk\/sq\/wp-json\/wp\/v2\/comments?post=2084"}],"version-history":[{"count":13,"href":"https:\/\/protekal.mk\/sq\/wp-json\/wp\/v2\/pages\/2084\/revisions"}],"predecessor-version":[{"id":3286,"href":"https:\/\/protekal.mk\/sq\/wp-json\/wp\/v2\/pages\/2084\/revisions\/3286"}],"wp:attachment":[{"href":"https:\/\/protekal.mk\/sq\/wp-json\/wp\/v2\/media?parent=2084"}],"curies":[{"name":"wp","href":"https:\/\/api.w.org\/{rel}","templated":true}]}}