{"id":2112,"date":"2021-08-30T08:55:00","date_gmt":"2021-08-30T08:55:00","guid":{"rendered":"https:\/\/new.protekal.mk\/?page_id=2112"},"modified":"2021-10-08T06:56:12","modified_gmt":"2021-10-08T06:56:12","slug":"diete-per-diabetin-e-tipit-2","status":"publish","type":"page","link":"https:\/\/protekal.mk\/sq\/diete-per-diabetin-e-tipit-2\/","title":{"rendered":"Diet\u00eb p\u00ebr diabetin e tipit 2"},"content":{"rendered":"<div data-elementor-type=\"wp-page\" data-elementor-id=\"2112\" class=\"elementor elementor-2112\" data-elementor-settings=\"[]\">\n\t\t\t\t\t\t\t<div class=\"elementor-section-wrap\">\n\t\t\t\t\t\t\t<section class=\"elementor-section elementor-top-section elementor-element elementor-element-124f310 elementor-section-full_width elementor-section-stretched elementor-section-height-default elementor-section-height-default\" data-id=\"124f310\" data-element_type=\"section\" data-settings=\"{&quot;stretch_section&quot;:&quot;section-stretched&quot;,&quot;background_background&quot;:&quot;classic&quot;}\">\n\t\t\t\t\t\t<div class=\"elementor-container elementor-column-gap-default\">\n\t\t\t\t\t<div class=\"elementor-column elementor-col-100 elementor-top-column elementor-element elementor-element-e32cbba\" data-id=\"e32cbba\" data-element_type=\"column\">\n\t\t\t<div class=\"elementor-widget-wrap\">\n\t\t\t\t\t\t\t\t\t<\/div>\n\t\t<\/div>\n\t\t\t\t\t\t\t<\/div>\n\t\t<\/section>\n\t\t\t\t<section class=\"elementor-section elementor-top-section elementor-element elementor-element-6285f85 elementor-section-boxed elementor-section-height-default elementor-section-height-default\" data-id=\"6285f85\" data-element_type=\"section\">\n\t\t\t\t\t\t<div class=\"elementor-container elementor-column-gap-default\">\n\t\t\t\t\t<div class=\"elementor-column elementor-col-100 elementor-top-column elementor-element elementor-element-ea5f456\" data-id=\"ea5f456\" data-element_type=\"column\">\n\t\t\t<div class=\"elementor-widget-wrap elementor-element-populated\">\n\t\t\t\t\t\t\t\t<div class=\"elementor-element elementor-element-997bd82 elementor-widget elementor-widget-heading\" data-id=\"997bd82\" data-element_type=\"widget\" data-widget_type=\"heading.default\">\n\t\t\t\t<div class=\"elementor-widget-container\">\n\t\t\t<h2 class=\"elementor-heading-title elementor-size-default\">Diet\u00eb p\u00ebr diabetin e tipit 2\n<\/h2>\t\t<\/div>\n\t\t\t\t<\/div>\n\t\t\t\t<div class=\"elementor-element elementor-element-d43f054 elementor-widget elementor-widget-text-editor\" data-id=\"d43f054\" data-element_type=\"widget\" data-widget_type=\"text-editor.default\">\n\t\t\t\t<div class=\"elementor-widget-container\">\n\t\t\t\t\t\t\t<p><span style=\"font-weight: 400;\">Pacient\u00ebt q\u00eb i n\u00ebnshtrohen programit Protekal n\u00eb nj\u00eb periudh\u00eb t\u00eb shkurt\u00ebr kohe arrijn\u00eb:<\/span><\/p><ul><li><span style=\"font-weight: 400;\"> Rregullimin e nivelit t\u00eb sheqerit n\u00eb gjak<\/span><\/li><li><span style=\"font-weight: 400;\"> Hemoglobina e glukozuar (Hba1C) mund t\u00eb mbahet n\u00eb vlera reference n\u00eb afat t\u00eb gjat\u00eb<\/span><\/li><li><span style=\"font-weight: 400;\"> Pacient\u00ebt q\u00eb marrin terapi antidiabetik\u00eb oral i\u2018u nd\u00ebrpreh\u00ebt terapia n\u00eb fillim t\u00eb diet\u00ebs<\/span><\/li><li><span style=\"font-weight: 400;\"> Pacient\u00ebt n\u00eb terapi me insulin\u00eb gradualisht i\u2019u zvog\u00eblohet ose nd\u00ebrpreh\u00ebt doza e p\u00ebrshkruar<\/span><\/li><\/ul><p>\u00a0<\/p><p><span style=\"font-weight: 400;\">N\u00ebn mbik\u00ebqyrjen e mjekut ton\u00eb profesional, pacienti mund t\u00eb hyj\u00eb n\u00eb programin e diet\u00ebs Protekal. Pas t\u00eb gjitha analizave t\u00eb nevojshme, mjeku p\u00ebrshkruan individualisht nj\u00eb program diete dhe zvog\u00eblim t\u00eb terapis\u00eb dhe doz\u00ebs s\u00eb insulin\u00ebs p\u00ebr secilin pacient.<\/span><\/p><p><span style=\"font-weight: 400;\">N\u00eb m\u00ebnyr\u00eb q\u00eb mjeku t\u00eb ket\u00eb nj\u00eb pasqyr\u00eb t\u00eb gjendjes s\u00eb pacientit,\u00a0 mbahen kontrolla t\u00eb detyrueshme mjek\u00ebsore \u00e7do 15 dit\u00eb.<\/span><\/p><p><span style=\"font-weight: 400;\">T\u00eb gjith\u00eb njer\u00ebzit t\u00eb s\u00ebmur\u00eb me diabet t\u00eb tipit II q\u00eb kan\u00eb nevoj\u00eb p\u00ebr \u00ebmb\u00eblsira Protekal ka nj\u00eb spekt\u00ebr t\u00eb gjer\u00eb t\u00eb desert\u00ebve Protekal, t\u00eb cilat nuk p\u00ebrmbajn\u00eb sheqerna dhe nuk mund t\u00eb d\u00ebmtojn\u00eb pacientin, dhe mund t\u00eb k\u00ebnaqin nevoj\u00ebn e tij p\u00ebr marrjen e\u00a0 \u00ebmb\u00eblsirave.<\/span><\/p><p>\u00a0<\/p><p><span style=\"font-weight: 400;\">N\u00eb m\u00ebnyr\u00eb q\u00eb pacienti t\u00eb jet\u00eb n\u00eb gjendje t\u00eb zvog\u00ebloj\u00eb marrjen e terapis\u00eb ose madje t\u00eb nd\u00ebrprej\u00eb plot\u00ebsisht, \u00ebsht\u00eb e nevojshme q\u00eb:<\/span><\/p><ul><li><span style=\"font-weight: 400;\"> Ndryshon shprehit\u00eb e k\u00ebqija t\u00eb jet\u00ebs<\/span><\/li><li><span style=\"font-weight: 400;\"> N\u00ebn mbik\u00ebqyrjen e mjekut kryhet dieta Protekal\u00a0<\/span><\/li><li><span style=\"font-weight: 400;\"> Pas diet\u00ebs, vazhdon me nj\u00eb diet\u00eb t\u00eb ekuilibruar t\u00eb sh\u00ebndetshme<\/span><\/li><li><span style=\"font-weight: 400;\"> T\u00eb jet\u00eb fizikisht aktiv<\/span><\/li><\/ul><p>\u00a0<\/p><p><span style=\"font-weight: 400;\">Ushtrimet aerobike (ecja, bi\u00e7ikleta, noti) \u00e7ojn\u00eb n\u00eb p\u00ebrmir\u00ebsimin e ndjeshm\u00ebris\u00eb s\u00eb qelizave ndaj insulin\u00ebs. Duke ndjekur rekomandimet p\u00ebr nj\u00eb ushqyerje t\u00eb ekuilibruar\u00a0 dhe aktivitet fizik t\u00eb rregullt, me ndryshime n\u00eb shprehit\u00eb dhe stilin e jet\u00ebs gjat\u00eb dhe pas p\u00ebrfundimit t\u00eb programit Protekal, diabeti i tipit II mund t\u00eb mbahet n\u00ebn kontroll p\u00ebr nj\u00eb koh\u00eb t\u00eb gjat\u00eb.<\/span><\/p><p>\u00a0<\/p>\t\t\t\t\t\t<\/div>\n\t\t\t\t<\/div>\n\t\t\t\t\t<\/div>\n\t\t<\/div>\n\t\t\t\t\t\t\t<\/div>\n\t\t<\/section>\n\t\t\t\t<section class=\"elementor-section elementor-top-section elementor-element elementor-element-7c4d86f elementor-section-stretched elementor-section-boxed elementor-section-height-default elementor-section-height-default\" data-id=\"7c4d86f\" data-element_type=\"section\" data-settings=\"{&quot;background_background&quot;:&quot;gradient&quot;,&quot;stretch_section&quot;:&quot;section-stretched&quot;}\">\n\t\t\t\t\t\t<div class=\"elementor-container elementor-column-gap-no\">\n\t\t\t\t\t<div class=\"elementor-column elementor-col-50 elementor-top-column elementor-element elementor-element-6c629ea\" data-id=\"6c629ea\" data-element_type=\"column\">\n\t\t\t<div class=\"elementor-widget-wrap elementor-element-populated\">\n\t\t\t\t\t\t\t\t<div class=\"elementor-element elementor-element-2db78e7 elementor-widget elementor-widget-heading\" data-id=\"2db78e7\" data-element_type=\"widget\" data-widget_type=\"heading.default\">\n\t\t\t\t<div class=\"elementor-widget-container\">\n\t\t\t<h3 class=\"elementor-heading-title elementor-size-default\">Keni nevoj\u00eb? Na kontaktoni menj\u00ebher\u00eb <\/h3>\t\t<\/div>\n\t\t\t\t<\/div>\n\t\t\t\t\t<\/div>\n\t\t<\/div>\n\t\t\t\t<div class=\"elementor-column elementor-col-50 elementor-top-column elementor-element elementor-element-405b7e0\" data-id=\"405b7e0\" data-element_type=\"column\">\n\t\t\t<div class=\"elementor-widget-wrap elementor-element-populated\">\n\t\t\t\t\t\t\t\t<div class=\"elementor-element elementor-element-0050ded elementor-align-right elementor-mobile-align-center elementor-widget elementor-widget-button\" data-id=\"0050ded\" data-element_type=\"widget\" data-widget_type=\"button.default\">\n\t\t\t\t<div class=\"elementor-widget-container\">\n\t\t\t\t\t<div class=\"elementor-button-wrapper\">\n\t\t\t<a href=\"https:\/\/protekal.mk\/contact\/\" class=\"elementor-button-link elementor-button elementor-size-sm elementor-animation-grow\" role=\"button\">\n\t\t\t\t\t\t<span class=\"elementor-button-content-wrapper\">\n\t\t\t\t\t\t<span class=\"elementor-button-text\">Na kontaktoni<\/span>\n\t\t<\/span>\n\t\t\t\t\t<\/a>\n\t\t<\/div>\n\t\t\t\t<\/div>\n\t\t\t\t<\/div>\n\t\t\t\t\t<\/div>\n\t\t<\/div>\n\t\t\t\t\t\t\t<\/div>\n\t\t<\/section>\n\t\t\t\t<section class=\"elementor-section elementor-top-section elementor-element elementor-element-088f5e8 elementor-section-boxed elementor-section-height-default elementor-section-height-default\" data-id=\"088f5e8\" data-element_type=\"section\">\n\t\t\t\t\t\t<div class=\"elementor-container elementor-column-gap-default\">\n\t\t\t\t\t<div class=\"elementor-column elementor-col-100 elementor-top-column elementor-element elementor-element-c91c591\" data-id=\"c91c591\" data-element_type=\"column\">\n\t\t\t<div class=\"elementor-widget-wrap elementor-element-populated\">\n\t\t\t\t\t\t\t\t<div class=\"elementor-element elementor-element-1741b5a elementor-icon-list--layout-inline elementor-align-center elementor-list-item-link-full_width elementor-widget elementor-widget-icon-list\" data-id=\"1741b5a\" data-element_type=\"widget\" data-widget_type=\"icon-list.default\">\n\t\t\t\t<div class=\"elementor-widget-container\">\n\t\t\t\t\t<ul class=\"elementor-icon-list-items elementor-inline-items\">\n\t\t\t\t\t\t\t<li class=\"elementor-icon-list-item elementor-inline-item\">\n\t\t\t\t\t\t\t\t\t\t\t<a href=\"https:\/\/www.facebook.com\/zakratheme\">\n\n\t\t\t\t\t\t\t\t\t\t\t\t<span class=\"elementor-icon-list-icon\">\n\t\t\t\t\t\t\t<i aria-hidden=\"true\" class=\"fab fa-facebook-f\"><\/i>\t\t\t\t\t\t<\/span>\n\t\t\t\t\t\t\t\t\t\t<span class=\"elementor-icon-list-text\"><\/span>\n\t\t\t\t\t\t\t\t\t\t\t<\/a>\n\t\t\t\t\t\t\t\t\t<\/li>\n\t\t\t\t\t\t\t\t<li class=\"elementor-icon-list-item elementor-inline-item\">\n\t\t\t\t\t\t\t\t\t\t\t<a href=\"https:\/\/twitter.com\/zakratheme\/\">\n\n\t\t\t\t\t\t\t\t\t\t\t\t<span class=\"elementor-icon-list-icon\">\n\t\t\t\t\t\t\t<i aria-hidden=\"true\" class=\"fab fa-twitter\"><\/i>\t\t\t\t\t\t<\/span>\n\t\t\t\t\t\t\t\t\t\t<span class=\"elementor-icon-list-text\"><\/span>\n\t\t\t\t\t\t\t\t\t\t\t<\/a>\n\t\t\t\t\t\t\t\t\t<\/li>\n\t\t\t\t\t\t\t\t<li class=\"elementor-icon-list-item elementor-inline-item\">\n\t\t\t\t\t\t\t\t\t\t\t<a href=\"https:\/\/www.linkedin.com\/company\/themegrill-pvt.-ltd.\/\">\n\n\t\t\t\t\t\t\t\t\t\t\t\t<span class=\"elementor-icon-list-icon\">\n\t\t\t\t\t\t\t<i aria-hidden=\"true\" class=\"fab fa-linkedin-in\"><\/i>\t\t\t\t\t\t<\/span>\n\t\t\t\t\t\t\t\t\t\t<span class=\"elementor-icon-list-text\"><\/span>\n\t\t\t\t\t\t\t\t\t\t\t<\/a>\n\t\t\t\t\t\t\t\t\t<\/li>\n\t\t\t\t\t\t\t\t<li class=\"elementor-icon-list-item elementor-inline-item\">\n\t\t\t\t\t\t\t\t\t\t\t<a href=\"https:\/\/www.youtube.com\/channel\/UCxxUb-k2cT43fNXY-V39LXw\">\n\n\t\t\t\t\t\t\t\t\t\t\t\t<span class=\"elementor-icon-list-icon\">\n\t\t\t\t\t\t\t<i aria-hidden=\"true\" class=\"fab fa-youtube\"><\/i>\t\t\t\t\t\t<\/span>\n\t\t\t\t\t\t\t\t\t\t<span class=\"elementor-icon-list-text\"><\/span>\n\t\t\t\t\t\t\t\t\t\t\t<\/a>\n\t\t\t\t\t\t\t\t\t<\/li>\n\t\t\t\t\t\t\t\t<li class=\"elementor-icon-list-item elementor-inline-item\">\n\t\t\t\t\t\t\t\t\t\t\t<a href=\"https:\/\/www.pinterest.co.uk\/themegrill\">\n\n\t\t\t\t\t\t\t\t\t\t\t\t<span class=\"elementor-icon-list-icon\">\n\t\t\t\t\t\t\t<i aria-hidden=\"true\" class=\"fab fa-pinterest\"><\/i>\t\t\t\t\t\t<\/span>\n\t\t\t\t\t\t\t\t\t\t<span class=\"elementor-icon-list-text\"><\/span>\n\t\t\t\t\t\t\t\t\t\t\t<\/a>\n\t\t\t\t\t\t\t\t\t<\/li>\n\t\t\t\t\t\t<\/ul>\n\t\t\t\t<\/div>\n\t\t\t\t<\/div>\n\t\t\t\t\t<\/div>\n\t\t<\/div>\n\t\t\t\t\t\t\t<\/div>\n\t\t<\/section>\n\t\t\t\t\t\t<\/div>\n\t\t\t\t\t<\/div>","protected":false},"excerpt":{"rendered":"<p>Diet\u00eb p\u00ebr diabetin e tipit 2 Pacient\u00ebt q\u00eb i n\u00ebnshtrohen programit Protekal n\u00eb nj\u00eb periudh\u00eb t\u00eb shkurt\u00ebr kohe arrijn\u00eb: Rregullimin e nivelit t\u00eb sheqerit n\u00eb gjak Hemoglobina e glukozuar (Hba1C) mund t\u00eb mbahet n\u00eb vlera reference n\u00eb afat t\u00eb gjat\u00eb Pacient\u00ebt q\u00eb marrin terapi antidiabetik\u00eb oral i\u2018u nd\u00ebrpreh\u00ebt terapia n\u00eb fillim t\u00eb diet\u00ebs Pacient\u00ebt n\u00eb [&hellip;]<\/p>","protected":false},"author":1,"featured_media":0,"parent":0,"menu_order":0,"comment_status":"closed","ping_status":"closed","template":"elementor_header_footer","meta":[],"_links":{"self":[{"href":"https:\/\/protekal.mk\/sq\/wp-json\/wp\/v2\/pages\/2112"}],"collection":[{"href":"https:\/\/protekal.mk\/sq\/wp-json\/wp\/v2\/pages"}],"about":[{"href":"https:\/\/protekal.mk\/sq\/wp-json\/wp\/v2\/types\/page"}],"author":[{"embeddable":true,"href":"https:\/\/protekal.mk\/sq\/wp-json\/wp\/v2\/users\/1"}],"replies":[{"embeddable":true,"href":"https:\/\/protekal.mk\/sq\/wp-json\/wp\/v2\/comments?post=2112"}],"version-history":[{"count":10,"href":"https:\/\/protekal.mk\/sq\/wp-json\/wp\/v2\/pages\/2112\/revisions"}],"predecessor-version":[{"id":3364,"href":"https:\/\/protekal.mk\/sq\/wp-json\/wp\/v2\/pages\/2112\/revisions\/3364"}],"wp:attachment":[{"href":"https:\/\/protekal.mk\/sq\/wp-json\/wp\/v2\/media?parent=2112"}],"curies":[{"name":"wp","href":"https:\/\/api.w.org\/{rel}","templated":true}]}}