{"id":2147,"date":"2021-08-30T09:28:40","date_gmt":"2021-08-30T09:28:40","guid":{"rendered":"https:\/\/new.protekal.mk\/?page_id=2147"},"modified":"2021-09-14T07:20:40","modified_gmt":"2021-09-14T07:20:40","slug":"mbikeqyrje-mjekesore","status":"publish","type":"page","link":"https:\/\/protekal.mk\/sq\/mbikeqyrje-mjekesore\/","title":{"rendered":"Mbik\u00ebqyrje mjek\u00ebsore"},"content":{"rendered":"<div data-elementor-type=\"wp-page\" data-elementor-id=\"2147\" class=\"elementor elementor-2147\" data-elementor-settings=\"[]\">\n\t\t\t\t\t\t\t<div class=\"elementor-section-wrap\">\n\t\t\t\t\t\t\t<section class=\"elementor-section elementor-top-section elementor-element elementor-element-bc84343 elementor-section-boxed elementor-section-height-default elementor-section-height-default\" data-id=\"bc84343\" data-element_type=\"section\">\n\t\t\t\t\t\t<div class=\"elementor-container elementor-column-gap-default\">\n\t\t\t\t\t<div class=\"elementor-column elementor-col-100 elementor-top-column elementor-element elementor-element-ed26652\" data-id=\"ed26652\" data-element_type=\"column\">\n\t\t\t<div class=\"elementor-widget-wrap elementor-element-populated\">\n\t\t\t\t\t\t\t\t<div class=\"elementor-element elementor-element-e1d33f6 elementor-widget elementor-widget-heading\" data-id=\"e1d33f6\" data-element_type=\"widget\" data-widget_type=\"heading.default\">\n\t\t\t\t<div class=\"elementor-widget-container\">\n\t\t\t<h2 class=\"elementor-heading-title elementor-size-default\">Pse \u00ebsht\u00eb e nevojsh\u00ebme mbiqkyrja nga mjeku?\n\n<\/h2>\t\t<\/div>\n\t\t\t\t<\/div>\n\t\t\t\t<div class=\"elementor-element elementor-element-cc415b8 elementor-widget elementor-widget-text-editor\" data-id=\"cc415b8\" data-element_type=\"widget\" data-widget_type=\"text-editor.default\">\n\t\t\t\t<div class=\"elementor-widget-container\">\n\t\t\t\t\t\t\t<p>Agjensioni francez p\u00ebr sh\u00ebndetin dhe siguri (ANSES-Agence Nationale de Securite de\u2019l Alimentation, de\u2019l Environment et du Travail), koh\u00ebt e fundit ka l\u00ebshuar nj\u00eb raport me titull: Vler\u00ebsimi i rrezikut te dietat p\u00ebr dob\u00ebsim ( Evalutation des risqu\u00e9 lies auv pratiques alimentaries d\u2019amaigrissement) me t\u00eb cil\u00ebn deshiron p\u00ebr t\u00eb paralajm\u00ebruar dhe t\u2019i informoj\u00eb publikun p\u00ebr rreziqet q\u00eb p\u00ebrmbajn\u00eb dietat p\u00ebr dob\u00ebsim t\u00eb cilat kryhen pa mbikqyrjen e mjekut dhe t\u00eb cekura n\u00eb t\u00eb gjitha dietat me fam\u00eb bot\u00ebrore q\u00eb jan\u00eb zbatuar n\u00eb m\u00ebnyr\u00eb t\u00eb till\u00eb. N\u00eb kund\u00ebrshtim t\u00eb k\u00ebsaj, Agjensioni Francez p\u00ebr Siguri dhe Sh\u00ebndet rekomandon eksluzivisht dieta q\u00eb kryhen n\u00ebn mbikqyrjen e mejkut.<\/p><p>Ne mir\u00ebpresim k\u00ebt\u00eb raport sepse ky \u00ebsht\u00eb nj\u00eb tjet\u00ebr konfirmim se m\u00ebnyra e praktikimit t\u00eb diet\u00ebs \u00ebsht\u00eb m\u00ebnyra e vetme e duhur dhe se \u00ebsht\u00eb absolutisht i drejt\u00eb pohimi se dob\u00ebsimi pa mbik\u00ebqyrje t\u00eb mjekut t\u00eb trajnuar mund t\u00eb rrezikoj\u00eb sh\u00ebndetin e juaj.<\/p>\t\t\t\t\t\t<\/div>\n\t\t\t\t<\/div>\n\t\t\t\t\t<\/div>\n\t\t<\/div>\n\t\t\t\t\t\t\t<\/div>\n\t\t<\/section>\n\t\t\t\t<section class=\"elementor-section elementor-top-section elementor-element elementor-element-6c290b9 elementor-section-stretched elementor-section-boxed elementor-section-height-default elementor-section-height-default\" data-id=\"6c290b9\" data-element_type=\"section\" data-settings=\"{&quot;background_background&quot;:&quot;gradient&quot;,&quot;stretch_section&quot;:&quot;section-stretched&quot;}\">\n\t\t\t\t\t\t<div class=\"elementor-container elementor-column-gap-no\">\n\t\t\t\t\t<div class=\"elementor-column elementor-col-50 elementor-top-column elementor-element elementor-element-cb2e992\" data-id=\"cb2e992\" data-element_type=\"column\">\n\t\t\t<div class=\"elementor-widget-wrap elementor-element-populated\">\n\t\t\t\t\t\t\t\t<div class=\"elementor-element elementor-element-46da1bc elementor-widget elementor-widget-heading\" data-id=\"46da1bc\" data-element_type=\"widget\" data-widget_type=\"heading.default\">\n\t\t\t\t<div class=\"elementor-widget-container\">\n\t\t\t<h3 class=\"elementor-heading-title elementor-size-default\">Keni nevoj\u00eb? Na kontaktoni menj\u00ebher\u00eb <\/h3>\t\t<\/div>\n\t\t\t\t<\/div>\n\t\t\t\t\t<\/div>\n\t\t<\/div>\n\t\t\t\t<div class=\"elementor-column elementor-col-50 elementor-top-column elementor-element elementor-element-34c4bf7\" data-id=\"34c4bf7\" data-element_type=\"column\">\n\t\t\t<div class=\"elementor-widget-wrap elementor-element-populated\">\n\t\t\t\t\t\t\t\t<div class=\"elementor-element elementor-element-f123070 elementor-align-right elementor-mobile-align-center elementor-widget elementor-widget-button\" data-id=\"f123070\" data-element_type=\"widget\" data-widget_type=\"button.default\">\n\t\t\t\t<div class=\"elementor-widget-container\">\n\t\t\t\t\t<div class=\"elementor-button-wrapper\">\n\t\t\t<a href=\"https:\/\/protekal.mk\/contact\/\" class=\"elementor-button-link elementor-button elementor-size-sm elementor-animation-grow\" role=\"button\">\n\t\t\t\t\t\t<span class=\"elementor-button-content-wrapper\">\n\t\t\t\t\t\t<span class=\"elementor-button-text\">Na kontaktoni<\/span>\n\t\t<\/span>\n\t\t\t\t\t<\/a>\n\t\t<\/div>\n\t\t\t\t<\/div>\n\t\t\t\t<\/div>\n\t\t\t\t\t<\/div>\n\t\t<\/div>\n\t\t\t\t\t\t\t<\/div>\n\t\t<\/section>\n\t\t\t\t<section class=\"elementor-section elementor-top-section elementor-element elementor-element-7fc3357 elementor-section-boxed elementor-section-height-default elementor-section-height-default\" data-id=\"7fc3357\" data-element_type=\"section\">\n\t\t\t\t\t\t<div class=\"elementor-container elementor-column-gap-default\">\n\t\t\t\t\t<div class=\"elementor-column elementor-col-100 elementor-top-column elementor-element elementor-element-2b5fe80\" data-id=\"2b5fe80\" data-element_type=\"column\">\n\t\t\t<div class=\"elementor-widget-wrap elementor-element-populated\">\n\t\t\t\t\t\t\t\t<div class=\"elementor-element elementor-element-9b1959c elementor-icon-list--layout-inline elementor-align-center elementor-list-item-link-full_width elementor-widget elementor-widget-icon-list\" data-id=\"9b1959c\" data-element_type=\"widget\" data-widget_type=\"icon-list.default\">\n\t\t\t\t<div class=\"elementor-widget-container\">\n\t\t\t\t\t<ul class=\"elementor-icon-list-items elementor-inline-items\">\n\t\t\t\t\t\t\t<li class=\"elementor-icon-list-item elementor-inline-item\">\n\t\t\t\t\t\t\t\t\t\t\t<a href=\"https:\/\/www.facebook.com\/zakratheme\">\n\n\t\t\t\t\t\t\t\t\t\t\t\t<span class=\"elementor-icon-list-icon\">\n\t\t\t\t\t\t\t<i aria-hidden=\"true\" class=\"fab fa-facebook-f\"><\/i>\t\t\t\t\t\t<\/span>\n\t\t\t\t\t\t\t\t\t\t<span class=\"elementor-icon-list-text\"><\/span>\n\t\t\t\t\t\t\t\t\t\t\t<\/a>\n\t\t\t\t\t\t\t\t\t<\/li>\n\t\t\t\t\t\t\t\t<li class=\"elementor-icon-list-item elementor-inline-item\">\n\t\t\t\t\t\t\t\t\t\t\t<a href=\"https:\/\/twitter.com\/zakratheme\/\">\n\n\t\t\t\t\t\t\t\t\t\t\t\t<span class=\"elementor-icon-list-icon\">\n\t\t\t\t\t\t\t<i aria-hidden=\"true\" class=\"fab fa-twitter\"><\/i>\t\t\t\t\t\t<\/span>\n\t\t\t\t\t\t\t\t\t\t<span class=\"elementor-icon-list-text\"><\/span>\n\t\t\t\t\t\t\t\t\t\t\t<\/a>\n\t\t\t\t\t\t\t\t\t<\/li>\n\t\t\t\t\t\t\t\t<li class=\"elementor-icon-list-item elementor-inline-item\">\n\t\t\t\t\t\t\t\t\t\t\t<a href=\"https:\/\/www.linkedin.com\/company\/themegrill-pvt.-ltd.\/\">\n\n\t\t\t\t\t\t\t\t\t\t\t\t<span class=\"elementor-icon-list-icon\">\n\t\t\t\t\t\t\t<i aria-hidden=\"true\" class=\"fab fa-linkedin-in\"><\/i>\t\t\t\t\t\t<\/span>\n\t\t\t\t\t\t\t\t\t\t<span class=\"elementor-icon-list-text\"><\/span>\n\t\t\t\t\t\t\t\t\t\t\t<\/a>\n\t\t\t\t\t\t\t\t\t<\/li>\n\t\t\t\t\t\t\t\t<li class=\"elementor-icon-list-item elementor-inline-item\">\n\t\t\t\t\t\t\t\t\t\t\t<a href=\"https:\/\/www.youtube.com\/channel\/UCxxUb-k2cT43fNXY-V39LXw\">\n\n\t\t\t\t\t\t\t\t\t\t\t\t<span class=\"elementor-icon-list-icon\">\n\t\t\t\t\t\t\t<i aria-hidden=\"true\" class=\"fab fa-youtube\"><\/i>\t\t\t\t\t\t<\/span>\n\t\t\t\t\t\t\t\t\t\t<span class=\"elementor-icon-list-text\"><\/span>\n\t\t\t\t\t\t\t\t\t\t\t<\/a>\n\t\t\t\t\t\t\t\t\t<\/li>\n\t\t\t\t\t\t\t\t<li class=\"elementor-icon-list-item elementor-inline-item\">\n\t\t\t\t\t\t\t\t\t\t\t<a href=\"https:\/\/www.pinterest.co.uk\/themegrill\">\n\n\t\t\t\t\t\t\t\t\t\t\t\t<span class=\"elementor-icon-list-icon\">\n\t\t\t\t\t\t\t<i aria-hidden=\"true\" class=\"fab fa-pinterest\"><\/i>\t\t\t\t\t\t<\/span>\n\t\t\t\t\t\t\t\t\t\t<span class=\"elementor-icon-list-text\"><\/span>\n\t\t\t\t\t\t\t\t\t\t\t<\/a>\n\t\t\t\t\t\t\t\t\t<\/li>\n\t\t\t\t\t\t<\/ul>\n\t\t\t\t<\/div>\n\t\t\t\t<\/div>\n\t\t\t\t\t<\/div>\n\t\t<\/div>\n\t\t\t\t\t\t\t<\/div>\n\t\t<\/section>\n\t\t\t\t\t\t<\/div>\n\t\t\t\t\t<\/div>","protected":false},"excerpt":{"rendered":"<p>Pse \u00ebsht\u00eb e nevojsh\u00ebme mbiqkyrja nga mjeku? Agjensioni francez p\u00ebr sh\u00ebndetin dhe siguri (ANSES-Agence Nationale de Securite de\u2019l Alimentation, de\u2019l Environment et du Travail), koh\u00ebt e fundit ka l\u00ebshuar nj\u00eb raport me titull: Vler\u00ebsimi i rrezikut te dietat p\u00ebr dob\u00ebsim ( Evalutation des risqu\u00e9 lies auv pratiques alimentaries d\u2019amaigrissement) me t\u00eb cil\u00ebn deshiron p\u00ebr t\u00eb [&hellip;]<\/p>","protected":false},"author":1,"featured_media":0,"parent":0,"menu_order":0,"comment_status":"closed","ping_status":"closed","template":"elementor_header_footer","meta":[],"_links":{"self":[{"href":"https:\/\/protekal.mk\/sq\/wp-json\/wp\/v2\/pages\/2147"}],"collection":[{"href":"https:\/\/protekal.mk\/sq\/wp-json\/wp\/v2\/pages"}],"about":[{"href":"https:\/\/protekal.mk\/sq\/wp-json\/wp\/v2\/types\/page"}],"author":[{"embeddable":true,"href":"https:\/\/protekal.mk\/sq\/wp-json\/wp\/v2\/users\/1"}],"replies":[{"embeddable":true,"href":"https:\/\/protekal.mk\/sq\/wp-json\/wp\/v2\/comments?post=2147"}],"version-history":[{"count":7,"href":"https:\/\/protekal.mk\/sq\/wp-json\/wp\/v2\/pages\/2147\/revisions"}],"predecessor-version":[{"id":2632,"href":"https:\/\/protekal.mk\/sq\/wp-json\/wp\/v2\/pages\/2147\/revisions\/2632"}],"wp:attachment":[{"href":"https:\/\/protekal.mk\/sq\/wp-json\/wp\/v2\/media?parent=2147"}],"curies":[{"name":"wp","href":"https:\/\/api.w.org\/{rel}","templated":true}]}}