{"id":2281,"date":"2021-08-31T08:02:35","date_gmt":"2021-08-31T08:02:35","guid":{"rendered":"https:\/\/new.protekal.mk\/?page_id=2281"},"modified":"2021-10-07T08:17:05","modified_gmt":"2021-10-07T08:17:05","slug":"dieta-proteinike","status":"publish","type":"page","link":"https:\/\/protekal.mk\/sq\/dieta-proteinike\/","title":{"rendered":"Dieta proteinike"},"content":{"rendered":"<div data-elementor-type=\"wp-page\" data-elementor-id=\"2281\" class=\"elementor elementor-2281\" data-elementor-settings=\"[]\">\n\t\t\t\t\t\t\t<div class=\"elementor-section-wrap\">\n\t\t\t\t\t\t\t<section class=\"elementor-section elementor-top-section elementor-element elementor-element-74477a9 elementor-section-full_width elementor-section-stretched elementor-section-height-default elementor-section-height-default\" data-id=\"74477a9\" data-element_type=\"section\" data-settings=\"{&quot;stretch_section&quot;:&quot;section-stretched&quot;,&quot;background_background&quot;:&quot;classic&quot;}\">\n\t\t\t\t\t\t<div class=\"elementor-container elementor-column-gap-default\">\n\t\t\t\t\t<div class=\"elementor-column elementor-col-100 elementor-top-column elementor-element elementor-element-b907485\" data-id=\"b907485\" data-element_type=\"column\">\n\t\t\t<div class=\"elementor-widget-wrap\">\n\t\t\t\t\t\t\t\t\t<\/div>\n\t\t<\/div>\n\t\t\t\t\t\t\t<\/div>\n\t\t<\/section>\n\t\t\t\t<section class=\"elementor-section elementor-top-section elementor-element elementor-element-25478ec elementor-section-boxed elementor-section-height-default elementor-section-height-default\" data-id=\"25478ec\" data-element_type=\"section\">\n\t\t\t\t\t\t<div class=\"elementor-container elementor-column-gap-default\">\n\t\t\t\t\t<div class=\"elementor-column elementor-col-100 elementor-top-column elementor-element elementor-element-1fe1734\" data-id=\"1fe1734\" data-element_type=\"column\">\n\t\t\t<div class=\"elementor-widget-wrap elementor-element-populated\">\n\t\t\t\t\t\t\t\t<div class=\"elementor-element elementor-element-cd3d33e elementor-widget elementor-widget-heading\" data-id=\"cd3d33e\" data-element_type=\"widget\" data-widget_type=\"heading.default\">\n\t\t\t\t<div class=\"elementor-widget-container\">\n\t\t\t<h2 class=\"elementor-heading-title elementor-size-default\">Dieta proteinike <\/h2>\t\t<\/div>\n\t\t\t\t<\/div>\n\t\t\t\t<div class=\"elementor-element elementor-element-065cb1a elementor-widget elementor-widget-text-editor\" data-id=\"065cb1a\" data-element_type=\"widget\" data-widget_type=\"text-editor.default\">\n\t\t\t\t<div class=\"elementor-widget-container\">\n\t\t\t\t\t\t\t<p>Dieta proteinike rrjedh nga nj\u00eb disertacion i doktoratur\u00ebs s\u00eb profesorit George Blackburn, t\u00eb e cil\u00ebn e ka mbrojtur n\u00eb vitin 1971 \u00eb Universitetin e Harvardit. Pas dy viteve dieta \u00ebsht\u00eb vler\u00ebsuar nga ana e Ministris\u00eb s\u00eb Sh\u00ebndet\u00ebsis\u00eb t\u00eb Kanadas\u00eb si metod\u00eb zyrtare p\u00ebr trajtimin e trash\u00ebsis\u00eb. Prej at\u00ebher\u00eb e deri m\u00eb tani, rreth 30 milion pacient jan\u00eb trajtuar me k\u00ebt\u00eb diet\u00eb n\u00eb Kanada, SHBA e Evrop\u00eb.<\/p><p>Dieta proteinike p\u00ebrb\u00ebhet nga tri faza:<\/p><ol><li>Aktive<\/li><li>Riedukative<\/li><li>Etapa p\u00ebr t\u00eb mbajtur pesh\u00ebn e arritur<\/li><\/ol><p><strong>FAZA AKTIVE \u00a0<\/strong>n\u00ebnkupton reduktimin e yndyr\u00ebrave dhe karbohidrateve n\u00eb ushqim, me konsumimin e ruajtur t\u00eb proteinave. Kjo shkakton ndryshime t\u00eb caktuara metabolike n\u00eb organiz\u00ebm si furnizimin e energjis\u00eb s\u00eb nevojshme nga rezervat e veta yndyrore. Duke ju fal\u00ebnd\u00ebruar konsumit t\u00eb ult\u00eb t\u00eb karbohidrateve ndodh hipoinsulemia (niveli i ult\u00eb i insulin\u00ebs n\u00eb gjak) dhe shkakton lipoliz\u00ebn (dekompenzimin e mas\u00ebs yndyrore). Acidet\u00a0 yndyrore oksidohen n\u00eb trupat e ketonit q\u00eb tani b\u00ebhen burim i energjis\u00eb, por p\u00ebrve\u00e7 k\u00ebsaj kan\u00eb edhe efekt animik-disponim t\u00eb mir\u00eb dhe shum\u00eb energji.<\/p><p>P\u00ebrve\u00e7 ndryshimeve t\u00eb p\u00ebrshkruara metabolike dieta e proteinave \u00ebsht\u00eb e karakterizuar nga mungesa e uris\u00eb, disponim t\u00eb mir\u00eb, humbje e shpejt\u00eb n\u00eb mas\u00ebn yndyrore dhe ruajtjen e mas\u00ebs muskulore (p\u00ebr shkak t\u00eb konsumit t\u00eb duhur t\u00eb proteinave me vler\u00eb t\u00eb lart\u00eb biologjike). N\u00eb faz\u00ebn aktive humben 1,5-2 kg n\u00eb jav\u00eb dhe kjo stimulon pacient\u00ebt, se rezultatet jan\u00eb shpejt\u00eb t\u00eb dukshme dhe p\u00ebrqindja e heqjes dor\u00eb nga dieta \u00ebsht\u00eb shume e ult\u00eb.<\/p><p>Para se t\u00eb fillon me diet\u00ebn proteinike \u00ebsht\u00eb e nevojshme p\u00ebr t\u00eb b\u00ebr\u00eb kontrolla t\u00eb caktuara mjek\u00ebsore dhe analizat \u00a0laboratorike t\u00eb gjakut .Dieta duhet t\u00eb mbikqyret nga ana e mjekut\u00a0 t\u00eb trajnuar p\u00ebr t\u2019i kontrolluar pacient\u00ebt n\u00eb \u00e7do faz\u00eb dhe do ta plot\u00ebsojn\u00eb diet\u00ebn me vitaminat dhe mineralet e caktuara, si dhe p\u00ebr t\u00eb kontrolluar ndryshimet metabolike nga faza n\u00eb faz\u00eb. N\u00eb faz\u00ebn e par\u00eb aktive konsumohen 5 shujta me proteina, me shtimin e sallat\u00ebs s\u00eb fresk\u00ebt dhe perimeve. Shujtat jan\u00eb n\u00eb form\u00ebn e supave, omleteve, pires\u00eb, shejkave, l\u00ebngjeve, musit, palpetave dhe kollaqeve. N\u00eb pjes\u00ebn tjet\u00ebr t\u00eb faz\u00ebs aktive dy shujta jan\u00eb z\u00ebvend\u00ebsuar me mish, peshk, ushqim t\u00eb detit dhe vez\u00eb.<\/p><p><strong>FAZA E RIEDUKIMIT\u00a0<\/strong>fillon pas p\u00ebrfundimit t\u00eb faz\u00ebs aktive kur pesha e pacientit i afrohet ideal\u00ebs. Gradualisht rritet konsumi i karbohidrateve, dhe reduktimi i konsumit t\u00eb shujtave proteinike t\u00eb gatshme. P\u00ebrb\u00ebrsit jan\u00eb marr nga grupet, d\u00ebshirohet t\u00eb arrihet mbajtja e diet\u00ebs s\u00eb balancuar dhe shprehi t\u00eb reja t\u00eb duhura t\u00eb ushqimit.<\/p><p><strong>Faza e fundit e mbajtjes s\u00eb pesh\u00ebs<\/strong>\u00a0s\u00eb arritur, referohet shprehive t\u00eb ndryshuara n\u00eb ushqim dhe m\u00ebnyr\u00ebn e jetes\u00ebs. N\u00eb p\u00ebrputhje me gjinin\u00eb, mosh\u00ebn dhe gjendjen sh\u00ebndet\u00ebsore secili pacient p\u00ebrfundon diet\u00ebn me rekomandime individuale dhe kontrolla periodike. N\u00eb k\u00ebt\u00eb faz\u00eb arrihet adaptimi i metabolizmit me diet\u00ebn e p\u00ebrditshme dhe duke ju fal\u00ebnd\u00ebruar k\u00ebsaj faze nuk ekziston efekti yo-yo.<\/p><p>Dieta proteinike e bazuar n\u00eb k\u00ebt\u00eb metod\u00eb redukton rrezikun kardiovaskular, i cili \u00ebsht\u00eb nj\u00eb nga shkaqet kryesore t\u00eb s\u00ebmundjeve dhe vdekshm\u00ebris\u00eb te individ\u00ebt e trash\u00eb. S\u00ebmundjet dhe gjendjet: tensioni irritur i \u00a0gjakut, diabeti i tipit 2, hipolipoproteinemia dhe \u00e7rregullime t\u00eb tjera n\u00eb metaboliz\u00ebm, t\u00eb cilat gjat\u00eb rrjedh\u00ebs s\u00eb diet\u00ebs jan\u00eb p\u00ebrmir\u00ebsuar, dhe s\u00ebmundjeve tjera p\u00ebrcjell\u00ebse, t\u00eb tilla si artroza, apnea gjat\u00eb gjumit, astma ose infuenca venoze.<\/p>\t\t\t\t\t\t<\/div>\n\t\t\t\t<\/div>\n\t\t\t\t<div class=\"elementor-element elementor-element-875c947 elementor-widget elementor-widget-testimonial\" data-id=\"875c947\" data-element_type=\"widget\" data-widget_type=\"testimonial.default\">\n\t\t\t\t<div class=\"elementor-widget-container\">\n\t\t\t\t\t<div class=\"elementor-testimonial-wrapper\">\n\t\t\t\t\t\t\t<div class=\"elementor-testimonial-content\">T\u00eb nderuar,\nSuksesi im i deritanish\u00ebm \u00ebsht\u00eb -50 kg brenda 7-8 muajve. Ende po  vazhdon. N\u00ebse nuk besoni, ju lutemi mos hezitoni t\u00eb m\u00eb kontaktoni. Shum\u00eb faleminderit  Diet\u00ebs Protekal, ndihem WOW (pa koment) \"\n<\/div>\n\t\t\t\n\t\t\t\t\t\t<div class=\"elementor-testimonial-meta elementor-has-image elementor-testimonial-image-position-top\">\n\t\t\t\t<div class=\"elementor-testimonial-meta-inner\">\n\t\t\t\t\t\t\t\t\t\t\t<div class=\"elementor-testimonial-image\">\n\t\t\t\t\t\t\t<img decoding=\"async\" width=\"960\" height=\"768\" src=\"https:\/\/protekal.mk\/wp-content\/uploads\/2021\/08\/velice1.jpg\" class=\"attachment-full size-full\" alt=\"\" loading=\"lazy\" \/>\t\t\t\t\t\t<\/div>\n\t\t\t\t\t\n\t\t\t\t\t\t\t\t\t<\/div>\n\t\t\t<\/div>\n\t\t\t\t\t<\/div>\n\t\t\t\t<\/div>\n\t\t\t\t<\/div>\n\t\t\t\t\t<\/div>\n\t\t<\/div>\n\t\t\t\t\t\t\t<\/div>\n\t\t<\/section>\n\t\t\t\t<section class=\"elementor-section elementor-top-section elementor-element elementor-element-b246f98 elementor-section-stretched elementor-section-boxed elementor-section-height-default elementor-section-height-default\" data-id=\"b246f98\" data-element_type=\"section\" data-settings=\"{&quot;background_background&quot;:&quot;gradient&quot;,&quot;stretch_section&quot;:&quot;section-stretched&quot;}\">\n\t\t\t\t\t\t<div class=\"elementor-container elementor-column-gap-no\">\n\t\t\t\t\t<div class=\"elementor-column elementor-col-50 elementor-top-column elementor-element elementor-element-696fe75\" data-id=\"696fe75\" data-element_type=\"column\">\n\t\t\t<div class=\"elementor-widget-wrap elementor-element-populated\">\n\t\t\t\t\t\t\t\t<div class=\"elementor-element elementor-element-779b175 elementor-widget elementor-widget-heading\" data-id=\"779b175\" data-element_type=\"widget\" data-widget_type=\"heading.default\">\n\t\t\t\t<div class=\"elementor-widget-container\">\n\t\t\t<h3 class=\"elementor-heading-title elementor-size-default\">Keni nevoj\u00eb? Na kontaktoni menj\u00ebher\u00eb <\/h3>\t\t<\/div>\n\t\t\t\t<\/div>\n\t\t\t\t\t<\/div>\n\t\t<\/div>\n\t\t\t\t<div class=\"elementor-column elementor-col-50 elementor-top-column elementor-element elementor-element-9d919b0\" data-id=\"9d919b0\" data-element_type=\"column\">\n\t\t\t<div class=\"elementor-widget-wrap elementor-element-populated\">\n\t\t\t\t\t\t\t\t<div class=\"elementor-element elementor-element-61dd551 elementor-align-right elementor-mobile-align-center elementor-widget elementor-widget-button\" data-id=\"61dd551\" data-element_type=\"widget\" data-widget_type=\"button.default\">\n\t\t\t\t<div class=\"elementor-widget-container\">\n\t\t\t\t\t<div class=\"elementor-button-wrapper\">\n\t\t\t<a href=\"https:\/\/protekal.mk\/contact\/\" class=\"elementor-button-link elementor-button elementor-size-sm elementor-animation-grow\" role=\"button\">\n\t\t\t\t\t\t<span class=\"elementor-button-content-wrapper\">\n\t\t\t\t\t\t<span class=\"elementor-button-text\">Na kontaktoni<\/span>\n\t\t<\/span>\n\t\t\t\t\t<\/a>\n\t\t<\/div>\n\t\t\t\t<\/div>\n\t\t\t\t<\/div>\n\t\t\t\t\t<\/div>\n\t\t<\/div>\n\t\t\t\t\t\t\t<\/div>\n\t\t<\/section>\n\t\t\t\t<section class=\"elementor-section elementor-top-section elementor-element elementor-element-2603de2 elementor-section-boxed elementor-section-height-default elementor-section-height-default\" data-id=\"2603de2\" data-element_type=\"section\">\n\t\t\t\t\t\t<div class=\"elementor-container elementor-column-gap-default\">\n\t\t\t\t\t<div class=\"elementor-column elementor-col-100 elementor-top-column elementor-element elementor-element-5ef18a5\" data-id=\"5ef18a5\" data-element_type=\"column\">\n\t\t\t<div class=\"elementor-widget-wrap elementor-element-populated\">\n\t\t\t\t\t\t\t\t<div class=\"elementor-element elementor-element-9477a1d elementor-icon-list--layout-inline elementor-align-center elementor-list-item-link-full_width elementor-widget elementor-widget-icon-list\" data-id=\"9477a1d\" data-element_type=\"widget\" data-widget_type=\"icon-list.default\">\n\t\t\t\t<div class=\"elementor-widget-container\">\n\t\t\t\t\t<ul class=\"elementor-icon-list-items elementor-inline-items\">\n\t\t\t\t\t\t\t<li class=\"elementor-icon-list-item elementor-inline-item\">\n\t\t\t\t\t\t\t\t\t\t\t<a href=\"https:\/\/www.facebook.com\/zakratheme\">\n\n\t\t\t\t\t\t\t\t\t\t\t\t<span class=\"elementor-icon-list-icon\">\n\t\t\t\t\t\t\t<i aria-hidden=\"true\" class=\"fab fa-facebook-f\"><\/i>\t\t\t\t\t\t<\/span>\n\t\t\t\t\t\t\t\t\t\t<span class=\"elementor-icon-list-text\"><\/span>\n\t\t\t\t\t\t\t\t\t\t\t<\/a>\n\t\t\t\t\t\t\t\t\t<\/li>\n\t\t\t\t\t\t\t\t<li class=\"elementor-icon-list-item elementor-inline-item\">\n\t\t\t\t\t\t\t\t\t\t\t<a href=\"https:\/\/twitter.com\/zakratheme\/\">\n\n\t\t\t\t\t\t\t\t\t\t\t\t<span class=\"elementor-icon-list-icon\">\n\t\t\t\t\t\t\t<i aria-hidden=\"true\" class=\"fab fa-twitter\"><\/i>\t\t\t\t\t\t<\/span>\n\t\t\t\t\t\t\t\t\t\t<span class=\"elementor-icon-list-text\"><\/span>\n\t\t\t\t\t\t\t\t\t\t\t<\/a>\n\t\t\t\t\t\t\t\t\t<\/li>\n\t\t\t\t\t\t\t\t<li class=\"elementor-icon-list-item elementor-inline-item\">\n\t\t\t\t\t\t\t\t\t\t\t<a href=\"https:\/\/www.linkedin.com\/company\/themegrill-pvt.-ltd.\/\">\n\n\t\t\t\t\t\t\t\t\t\t\t\t<span class=\"elementor-icon-list-icon\">\n\t\t\t\t\t\t\t<i aria-hidden=\"true\" class=\"fab fa-linkedin-in\"><\/i>\t\t\t\t\t\t<\/span>\n\t\t\t\t\t\t\t\t\t\t<span class=\"elementor-icon-list-text\"><\/span>\n\t\t\t\t\t\t\t\t\t\t\t<\/a>\n\t\t\t\t\t\t\t\t\t<\/li>\n\t\t\t\t\t\t\t\t<li class=\"elementor-icon-list-item elementor-inline-item\">\n\t\t\t\t\t\t\t\t\t\t\t<a href=\"https:\/\/www.youtube.com\/channel\/UCxxUb-k2cT43fNXY-V39LXw\">\n\n\t\t\t\t\t\t\t\t\t\t\t\t<span class=\"elementor-icon-list-icon\">\n\t\t\t\t\t\t\t<i aria-hidden=\"true\" class=\"fab fa-youtube\"><\/i>\t\t\t\t\t\t<\/span>\n\t\t\t\t\t\t\t\t\t\t<span class=\"elementor-icon-list-text\"><\/span>\n\t\t\t\t\t\t\t\t\t\t\t<\/a>\n\t\t\t\t\t\t\t\t\t<\/li>\n\t\t\t\t\t\t\t\t<li class=\"elementor-icon-list-item elementor-inline-item\">\n\t\t\t\t\t\t\t\t\t\t\t<a href=\"https:\/\/www.pinterest.co.uk\/themegrill\">\n\n\t\t\t\t\t\t\t\t\t\t\t\t<span class=\"elementor-icon-list-icon\">\n\t\t\t\t\t\t\t<i aria-hidden=\"true\" class=\"fab fa-pinterest\"><\/i>\t\t\t\t\t\t<\/span>\n\t\t\t\t\t\t\t\t\t\t<span class=\"elementor-icon-list-text\"><\/span>\n\t\t\t\t\t\t\t\t\t\t\t<\/a>\n\t\t\t\t\t\t\t\t\t<\/li>\n\t\t\t\t\t\t<\/ul>\n\t\t\t\t<\/div>\n\t\t\t\t<\/div>\n\t\t\t\t\t<\/div>\n\t\t<\/div>\n\t\t\t\t\t\t\t<\/div>\n\t\t<\/section>\n\t\t\t\t\t\t<\/div>\n\t\t\t\t\t<\/div>","protected":false},"excerpt":{"rendered":"<p>Dieta proteinike Dieta proteinike rrjedh nga nj\u00eb disertacion i doktoratur\u00ebs s\u00eb profesorit George Blackburn, t\u00eb e cil\u00ebn e ka mbrojtur n\u00eb vitin 1971 \u00eb Universitetin e Harvardit. Pas dy viteve dieta \u00ebsht\u00eb vler\u00ebsuar nga ana e Ministris\u00eb s\u00eb Sh\u00ebndet\u00ebsis\u00eb t\u00eb Kanadas\u00eb si metod\u00eb zyrtare p\u00ebr trajtimin e trash\u00ebsis\u00eb. Prej at\u00ebher\u00eb e deri m\u00eb tani, rreth [&hellip;]<\/p>","protected":false},"author":1,"featured_media":0,"parent":0,"menu_order":0,"comment_status":"closed","ping_status":"closed","template":"elementor_header_footer","meta":[],"_links":{"self":[{"href":"https:\/\/protekal.mk\/sq\/wp-json\/wp\/v2\/pages\/2281"}],"collection":[{"href":"https:\/\/protekal.mk\/sq\/wp-json\/wp\/v2\/pages"}],"about":[{"href":"https:\/\/protekal.mk\/sq\/wp-json\/wp\/v2\/types\/page"}],"author":[{"embeddable":true,"href":"https:\/\/protekal.mk\/sq\/wp-json\/wp\/v2\/users\/1"}],"replies":[{"embeddable":true,"href":"https:\/\/protekal.mk\/sq\/wp-json\/wp\/v2\/comments?post=2281"}],"version-history":[{"count":13,"href":"https:\/\/protekal.mk\/sq\/wp-json\/wp\/v2\/pages\/2281\/revisions"}],"predecessor-version":[{"id":3283,"href":"https:\/\/protekal.mk\/sq\/wp-json\/wp\/v2\/pages\/2281\/revisions\/3283"}],"wp:attachment":[{"href":"https:\/\/protekal.mk\/sq\/wp-json\/wp\/v2\/media?parent=2281"}],"curies":[{"name":"wp","href":"https:\/\/api.w.org\/{rel}","templated":true}]}}