{"id":2304,"date":"2021-08-31T08:37:17","date_gmt":"2021-08-31T08:37:17","guid":{"rendered":"https:\/\/new.protekal.mk\/?page_id=2304"},"modified":"2021-09-14T07:21:35","modified_gmt":"2021-09-14T07:21:35","slug":"pergaditja-e-qeseve","status":"publish","type":"page","link":"https:\/\/protekal.mk\/sq\/pergaditja-e-qeseve\/","title":{"rendered":"P\u00ebrgaditja e qeseve"},"content":{"rendered":"<div data-elementor-type=\"wp-page\" data-elementor-id=\"2304\" class=\"elementor elementor-2304\" data-elementor-settings=\"[]\">\n\t\t\t\t\t\t\t<div class=\"elementor-section-wrap\">\n\t\t\t\t\t\t\t<section class=\"elementor-section elementor-top-section elementor-element elementor-element-17d0e87 elementor-section-boxed elementor-section-height-default elementor-section-height-default\" data-id=\"17d0e87\" data-element_type=\"section\">\n\t\t\t\t\t\t<div class=\"elementor-container elementor-column-gap-default\">\n\t\t\t\t\t<div class=\"elementor-column elementor-col-33 elementor-top-column elementor-element elementor-element-4493699\" data-id=\"4493699\" data-element_type=\"column\">\n\t\t\t<div class=\"elementor-widget-wrap\">\n\t\t\t\t\t\t\t\t\t<\/div>\n\t\t<\/div>\n\t\t\t\t<div class=\"elementor-column elementor-col-33 elementor-top-column elementor-element elementor-element-56f1100\" data-id=\"56f1100\" data-element_type=\"column\">\n\t\t\t<div class=\"elementor-widget-wrap elementor-element-populated\">\n\t\t\t\t\t\t\t\t<div class=\"elementor-element elementor-element-e02b7fe elementor-widget elementor-widget-heading\" data-id=\"e02b7fe\" data-element_type=\"widget\" data-widget_type=\"heading.default\">\n\t\t\t\t<div class=\"elementor-widget-container\">\n\t\t\t<h2 class=\"elementor-heading-title elementor-size-default\">P\u00ebrgaditja e qeseve<\/h2>\t\t<\/div>\n\t\t\t\t<\/div>\n\t\t\t\t<div class=\"elementor-element elementor-element-f6106d3 elementor-widget elementor-widget-text-editor\" data-id=\"f6106d3\" data-element_type=\"widget\" data-widget_type=\"text-editor.default\">\n\t\t\t\t<div class=\"elementor-widget-container\">\n\t\t\t\t\t\t\t<p>Prodhimet tona jan\u00eb gjysm\u00eb t\u00eb gatshme dhe t\u00eb gatshme, me p\u00ebrb\u00ebrje t\u00eb p\u00ebrcaktuar dhe m\u00eb s\u00eb shpeshti t\u00eb paketuara n\u00eb qese. \u00c7do kuti p\u00ebrmban 7 qese t\u00eb nj\u00ebjt\u00ebs shije, udh\u00ebzime t\u00eb holl\u00ebsishme p\u00ebr p\u00ebrgaditjen dhe p\u00ebrb\u00ebrjen. Nj\u00eb qese, pa dallim a \u00ebsht\u00eb e \u00ebmb\u00ebl apo e njelm\u00ebt, p\u00ebrfaq\u00ebson nj\u00eb shujt\u00eb.<\/p><p>P\u00ebrmbajtja e nj\u00eb qese p\u00ebrzihet n\u00eb shejker me nj\u00eb sasi t\u00eb caktuar t\u00eb ujit n\u00eb temperatur\u00ebn e dhom\u00ebs p\u00ebr t\u00eb arritur dend\u00ebsin\u00eb e d\u00ebshiruar.<\/p><p>Kur formohet p\u00ebrzierja homogjene, e njejt\u00eb, var\u00ebsisht nga lloji\u00a0 i ushqimit q\u00eb p\u00ebrgaditet, masa e fituar vendoset n\u00eb frigorifer t\u00eb ftohet dhe t\u00eb trashet ose n\u00ebse ajo \u00ebsht\u00eb sup\u00eb ose pije e nxeht\u00eb, masa mund t\u00eb nxehet edhe mikroval\u00eb ose n\u00eb shporet\u00eb n\u00eb temperatur\u00ebn e d\u00ebshiruar.<\/p><p>N\u00eb rast t\u00eb palpet\u00ebs ose omlet\u00ebs masa e fituar pjeket n\u00eb nj\u00eb tigan me sasi shum\u00eb t\u00eb vog\u00ebl t\u00eb yndyr\u00ebs. Gjithashtu omletet, palpetat dhe buka proteinike mund t\u00eb pjeken n\u00eb furr\u00eb.<\/p><p>Q\u00ebllimi i k\u00ebsaj metode t\u00eb p\u00ebrgaditjes p\u00ebr pacientit p\u00ebr t\u2019ia mund\u00ebsuar sa m\u00eb leht\u00eb t\u00eb kalon n\u00eb p\u00ebrgaditjen e ushiqmit p\u00ebrmes vet\u00eb diet\u00ebs.<\/p>\t\t\t\t\t\t<\/div>\n\t\t\t\t<\/div>\n\t\t\t\t\t<\/div>\n\t\t<\/div>\n\t\t\t\t<div class=\"elementor-column elementor-col-33 elementor-top-column elementor-element elementor-element-c88602f\" data-id=\"c88602f\" data-element_type=\"column\">\n\t\t\t<div class=\"elementor-widget-wrap\">\n\t\t\t\t\t\t\t\t\t<\/div>\n\t\t<\/div>\n\t\t\t\t\t\t\t<\/div>\n\t\t<\/section>\n\t\t\t\t<section class=\"elementor-section elementor-top-section elementor-element elementor-element-2768833 elementor-section-stretched elementor-section-boxed elementor-section-height-default elementor-section-height-default\" data-id=\"2768833\" data-element_type=\"section\" data-settings=\"{&quot;background_background&quot;:&quot;gradient&quot;,&quot;stretch_section&quot;:&quot;section-stretched&quot;}\">\n\t\t\t\t\t\t<div class=\"elementor-container elementor-column-gap-no\">\n\t\t\t\t\t<div class=\"elementor-column elementor-col-50 elementor-top-column elementor-element elementor-element-a760e98\" data-id=\"a760e98\" data-element_type=\"column\">\n\t\t\t<div class=\"elementor-widget-wrap elementor-element-populated\">\n\t\t\t\t\t\t\t\t<div class=\"elementor-element elementor-element-c601828 elementor-widget elementor-widget-heading\" data-id=\"c601828\" data-element_type=\"widget\" data-widget_type=\"heading.default\">\n\t\t\t\t<div class=\"elementor-widget-container\">\n\t\t\t<h3 class=\"elementor-heading-title elementor-size-default\">Keni nevoj\u00eb? Na kontaktoni menj\u00ebher\u00eb <\/h3>\t\t<\/div>\n\t\t\t\t<\/div>\n\t\t\t\t\t<\/div>\n\t\t<\/div>\n\t\t\t\t<div class=\"elementor-column elementor-col-50 elementor-top-column elementor-element elementor-element-14ad7ce\" data-id=\"14ad7ce\" data-element_type=\"column\">\n\t\t\t<div class=\"elementor-widget-wrap elementor-element-populated\">\n\t\t\t\t\t\t\t\t<div class=\"elementor-element elementor-element-a57d7ae elementor-align-left elementor-mobile-align-center elementor-widget elementor-widget-button\" data-id=\"a57d7ae\" data-element_type=\"widget\" data-widget_type=\"button.default\">\n\t\t\t\t<div class=\"elementor-widget-container\">\n\t\t\t\t\t<div class=\"elementor-button-wrapper\">\n\t\t\t<a href=\"https:\/\/protekal.mk\/contact\/\" class=\"elementor-button-link elementor-button elementor-size-sm elementor-animation-grow\" role=\"button\">\n\t\t\t\t\t\t<span class=\"elementor-button-content-wrapper\">\n\t\t\t\t\t\t<span class=\"elementor-button-text\">Na kontaktoni<\/span>\n\t\t<\/span>\n\t\t\t\t\t<\/a>\n\t\t<\/div>\n\t\t\t\t<\/div>\n\t\t\t\t<\/div>\n\t\t\t\t\t<\/div>\n\t\t<\/div>\n\t\t\t\t\t\t\t<\/div>\n\t\t<\/section>\n\t\t\t\t<section class=\"elementor-section elementor-top-section elementor-element elementor-element-99ddda3 elementor-section-full_width elementor-section-stretched elementor-section-height-default elementor-section-height-default\" data-id=\"99ddda3\" data-element_type=\"section\" data-settings=\"{&quot;stretch_section&quot;:&quot;section-stretched&quot;}\">\n\t\t\t\t\t\t<div class=\"elementor-container elementor-column-gap-default\">\n\t\t\t\t\t<div class=\"elementor-column elementor-col-100 elementor-top-column elementor-element elementor-element-d44f0b5\" data-id=\"d44f0b5\" data-element_type=\"column\">\n\t\t\t<div class=\"elementor-widget-wrap elementor-element-populated\">\n\t\t\t\t\t\t\t\t<div class=\"elementor-element elementor-element-93b217b elementor-icon-list--layout-inline elementor-align-center elementor-list-item-link-full_width elementor-widget elementor-widget-icon-list\" data-id=\"93b217b\" data-element_type=\"widget\" data-widget_type=\"icon-list.default\">\n\t\t\t\t<div class=\"elementor-widget-container\">\n\t\t\t\t\t<ul class=\"elementor-icon-list-items elementor-inline-items\">\n\t\t\t\t\t\t\t<li class=\"elementor-icon-list-item elementor-inline-item\">\n\t\t\t\t\t\t\t\t\t\t\t<a href=\"https:\/\/www.facebook.com\/zakratheme\">\n\n\t\t\t\t\t\t\t\t\t\t\t\t<span class=\"elementor-icon-list-icon\">\n\t\t\t\t\t\t\t<i aria-hidden=\"true\" class=\"fab fa-facebook-f\"><\/i>\t\t\t\t\t\t<\/span>\n\t\t\t\t\t\t\t\t\t\t<span class=\"elementor-icon-list-text\"><\/span>\n\t\t\t\t\t\t\t\t\t\t\t<\/a>\n\t\t\t\t\t\t\t\t\t<\/li>\n\t\t\t\t\t\t\t\t<li class=\"elementor-icon-list-item elementor-inline-item\">\n\t\t\t\t\t\t\t\t\t\t\t<a href=\"https:\/\/twitter.com\/zakratheme\/\">\n\n\t\t\t\t\t\t\t\t\t\t\t\t<span class=\"elementor-icon-list-icon\">\n\t\t\t\t\t\t\t<i aria-hidden=\"true\" class=\"fab fa-twitter\"><\/i>\t\t\t\t\t\t<\/span>\n\t\t\t\t\t\t\t\t\t\t<span class=\"elementor-icon-list-text\"><\/span>\n\t\t\t\t\t\t\t\t\t\t\t<\/a>\n\t\t\t\t\t\t\t\t\t<\/li>\n\t\t\t\t\t\t\t\t<li class=\"elementor-icon-list-item elementor-inline-item\">\n\t\t\t\t\t\t\t\t\t\t\t<a href=\"https:\/\/www.linkedin.com\/company\/themegrill-pvt.-ltd.\/\">\n\n\t\t\t\t\t\t\t\t\t\t\t\t<span class=\"elementor-icon-list-icon\">\n\t\t\t\t\t\t\t<i aria-hidden=\"true\" class=\"fab fa-linkedin-in\"><\/i>\t\t\t\t\t\t<\/span>\n\t\t\t\t\t\t\t\t\t\t<span class=\"elementor-icon-list-text\"><\/span>\n\t\t\t\t\t\t\t\t\t\t\t<\/a>\n\t\t\t\t\t\t\t\t\t<\/li>\n\t\t\t\t\t\t\t\t<li class=\"elementor-icon-list-item elementor-inline-item\">\n\t\t\t\t\t\t\t\t\t\t\t<a href=\"https:\/\/www.youtube.com\/channel\/UCxxUb-k2cT43fNXY-V39LXw\">\n\n\t\t\t\t\t\t\t\t\t\t\t\t<span class=\"elementor-icon-list-icon\">\n\t\t\t\t\t\t\t<i aria-hidden=\"true\" class=\"fab fa-youtube\"><\/i>\t\t\t\t\t\t<\/span>\n\t\t\t\t\t\t\t\t\t\t<span class=\"elementor-icon-list-text\"><\/span>\n\t\t\t\t\t\t\t\t\t\t\t<\/a>\n\t\t\t\t\t\t\t\t\t<\/li>\n\t\t\t\t\t\t\t\t<li class=\"elementor-icon-list-item elementor-inline-item\">\n\t\t\t\t\t\t\t\t\t\t\t<a href=\"https:\/\/www.pinterest.co.uk\/themegrill\">\n\n\t\t\t\t\t\t\t\t\t\t\t\t<span class=\"elementor-icon-list-icon\">\n\t\t\t\t\t\t\t<i aria-hidden=\"true\" class=\"fab fa-pinterest\"><\/i>\t\t\t\t\t\t<\/span>\n\t\t\t\t\t\t\t\t\t\t<span class=\"elementor-icon-list-text\"><\/span>\n\t\t\t\t\t\t\t\t\t\t\t<\/a>\n\t\t\t\t\t\t\t\t\t<\/li>\n\t\t\t\t\t\t<\/ul>\n\t\t\t\t<\/div>\n\t\t\t\t<\/div>\n\t\t\t\t\t<\/div>\n\t\t<\/div>\n\t\t\t\t\t\t\t<\/div>\n\t\t<\/section>\n\t\t\t\t\t\t<\/div>\n\t\t\t\t\t<\/div>","protected":false},"excerpt":{"rendered":"<p>P\u00ebrgaditja e qeseve Prodhimet tona jan\u00eb gjysm\u00eb t\u00eb gatshme dhe t\u00eb gatshme, me p\u00ebrb\u00ebrje t\u00eb p\u00ebrcaktuar dhe m\u00eb s\u00eb shpeshti t\u00eb paketuara n\u00eb qese. \u00c7do kuti p\u00ebrmban 7 qese t\u00eb nj\u00ebjt\u00ebs shije, udh\u00ebzime t\u00eb holl\u00ebsishme p\u00ebr p\u00ebrgaditjen dhe p\u00ebrb\u00ebrjen. Nj\u00eb qese, pa dallim a \u00ebsht\u00eb e \u00ebmb\u00ebl apo e njelm\u00ebt, p\u00ebrfaq\u00ebson nj\u00eb shujt\u00eb. P\u00ebrmbajtja e [&hellip;]<\/p>","protected":false},"author":1,"featured_media":0,"parent":0,"menu_order":0,"comment_status":"closed","ping_status":"closed","template":"elementor_header_footer","meta":[],"_links":{"self":[{"href":"https:\/\/protekal.mk\/sq\/wp-json\/wp\/v2\/pages\/2304"}],"collection":[{"href":"https:\/\/protekal.mk\/sq\/wp-json\/wp\/v2\/pages"}],"about":[{"href":"https:\/\/protekal.mk\/sq\/wp-json\/wp\/v2\/types\/page"}],"author":[{"embeddable":true,"href":"https:\/\/protekal.mk\/sq\/wp-json\/wp\/v2\/users\/1"}],"replies":[{"embeddable":true,"href":"https:\/\/protekal.mk\/sq\/wp-json\/wp\/v2\/comments?post=2304"}],"version-history":[{"count":10,"href":"https:\/\/protekal.mk\/sq\/wp-json\/wp\/v2\/pages\/2304\/revisions"}],"predecessor-version":[{"id":2638,"href":"https:\/\/protekal.mk\/sq\/wp-json\/wp\/v2\/pages\/2304\/revisions\/2638"}],"wp:attachment":[{"href":"https:\/\/protekal.mk\/sq\/wp-json\/wp\/v2\/media?parent=2304"}],"curies":[{"name":"wp","href":"https:\/\/api.w.org\/{rel}","templated":true}]}}