{"id":2433,"date":"2021-09-01T07:01:21","date_gmt":"2021-09-01T07:01:21","guid":{"rendered":"https:\/\/new.protekal.mk\/?page_id=2433"},"modified":"2021-09-14T07:22:48","modified_gmt":"2021-09-14T07:22:48","slug":"press-2","status":"publish","type":"page","link":"https:\/\/protekal.mk\/sq\/press-2\/","title":{"rendered":"Press"},"content":{"rendered":"<div data-elementor-type=\"wp-page\" data-elementor-id=\"2433\" class=\"elementor elementor-2433\" data-elementor-settings=\"[]\">\n\t\t\t\t\t\t\t<div class=\"elementor-section-wrap\">\n\t\t\t\t\t\t\t<section class=\"elementor-section elementor-top-section elementor-element elementor-element-99ff63a elementor-section-boxed elementor-section-height-default elementor-section-height-default\" data-id=\"99ff63a\" data-element_type=\"section\">\n\t\t\t\t\t\t<div class=\"elementor-container elementor-column-gap-default\">\n\t\t\t\t\t<div class=\"elementor-column elementor-col-100 elementor-top-column elementor-element elementor-element-c5624c8\" data-id=\"c5624c8\" data-element_type=\"column\">\n\t\t\t<div class=\"elementor-widget-wrap elementor-element-populated\">\n\t\t\t\t\t\t\t\t<div class=\"elementor-element elementor-element-f34f4ec elementor-grid-2 elementor-grid-tablet-2 elementor-grid-mobile-1 elementor-invisible elementor-widget elementor-widget-elementor-blog-posts\" data-id=\"f34f4ec\" data-element_type=\"widget\" data-settings=\"{&quot;columns&quot;:&quot;2&quot;,&quot;_animation&quot;:&quot;fadeIn&quot;,&quot;columns_tablet&quot;:&quot;2&quot;,&quot;columns_mobile&quot;:&quot;1&quot;}\" data-widget_type=\"elementor-blog-posts.default\">\n\t\t\t\t<div class=\"elementor-widget-container\">\n\t\t\t\t\t<div class=\"wpcap-grid\">\n\t\t\t\t\t\t<div class=\"wpcap-grid-container elementor-grid wpcap-grid-desktop-2 wpcap-grid-tablet-2 wpcap-grid-mobile-1\">\n\n\t\t\t\t\n        <article id=\"post-2429\" class=\"wpcap-post post-2429 post type-post status-publish format-standard has-post-thumbnail hentry category-uncategorized\">\n         \n            <div class=\"post-grid-inner\">\n            \t\n                \t\t<h3 class=\"title\">\n\t\t\t<a href=\"https:\/\/protekal.mk\/sq\/ushqimi-proteinik-grazia\/\">Ushqimi proteinik-Grazia<\/a>\n\t\t<\/h3>\n\t\t                \n                            \t\n                \t\t\t<div class=\"post-grid-thumbnail\">\n\t\t\t\t<a href=\"https:\/\/protekal.mk\/sq\/ushqimi-proteinik-grazia\/\">\n\t\t\t\t\t<img width=\"845\" height=\"560\" src=\"https:\/\/protekal.mk\/wp-content\/uploads\/2021\/08\/timthumb-1.jpg\" class=\"attachment-full size-full wp-post-image\" alt=\"\" decoding=\"async\" loading=\"lazy\" srcset=\"https:\/\/protekal.mk\/wp-content\/uploads\/2021\/08\/timthumb-1.jpg 845w, https:\/\/protekal.mk\/wp-content\/uploads\/2021\/08\/timthumb-1-300x199.jpg 300w, https:\/\/protekal.mk\/wp-content\/uploads\/2021\/08\/timthumb-1-768x509.jpg 768w\" sizes=\"(max-width: 845px) 100vw, 845px\" \/>\t\t\t\t<\/a>\n\t\t\t<\/div>\n        \n                <div class=\"post-grid-text-wrap\">\n\t                \t                                <\/div>\n\n            <\/div><!-- .blog-inner -->\n           \n        <\/article>\n\n        \n        <article id=\"post-2425\" class=\"wpcap-post post-2425 post type-post status-publish format-standard has-post-thumbnail hentry category-uncategorized\">\n         \n            <div class=\"post-grid-inner\">\n            \t\n                \t\t<h3 class=\"title\">\n\t\t\t<a href=\"https:\/\/protekal.mk\/sq\/diete-proteinike-nen-mbikeqyrjen-e-nje-mjeku\/\">Diet\u00eb proteinike n\u00ebn mbik\u00ebqyrjen e nj\u00eb mjeku<\/a>\n\t\t<\/h3>\n\t\t                \n                            \t\n                \t\t\t<div class=\"post-grid-thumbnail\">\n\t\t\t\t<a href=\"https:\/\/protekal.mk\/sq\/diete-proteinike-nen-mbikeqyrjen-e-nje-mjeku\/\">\n\t\t\t\t\t<img width=\"845\" height=\"564\" src=\"https:\/\/protekal.mk\/wp-content\/uploads\/2021\/08\/timthumb-2.jpg\" class=\"attachment-full size-full wp-post-image\" alt=\"\" decoding=\"async\" loading=\"lazy\" srcset=\"https:\/\/protekal.mk\/wp-content\/uploads\/2021\/08\/timthumb-2.jpg 845w, https:\/\/protekal.mk\/wp-content\/uploads\/2021\/08\/timthumb-2-300x200.jpg 300w, https:\/\/protekal.mk\/wp-content\/uploads\/2021\/08\/timthumb-2-768x513.jpg 768w\" sizes=\"(max-width: 845px) 100vw, 845px\" \/>\t\t\t\t<\/a>\n\t\t\t<\/div>\n        \n                <div class=\"post-grid-text-wrap\">\n\t                \t                                <\/div>\n\n            <\/div><!-- .blog-inner -->\n           \n        <\/article>\n\n        \n        <article id=\"post-2422\" class=\"wpcap-post post-2422 post type-post status-publish format-standard has-post-thumbnail hentry category-uncategorized\">\n         \n            <div class=\"post-grid-inner\">\n            \t\n                \t\t<h3 class=\"title\">\n\t\t\t<a href=\"https:\/\/protekal.mk\/sq\/diete-pa-uri\/\">Diet\u00eb pa uri<\/a>\n\t\t<\/h3>\n\t\t                \n                            \t\n                \t\t\t<div class=\"post-grid-thumbnail\">\n\t\t\t\t<a href=\"https:\/\/protekal.mk\/sq\/diete-pa-uri\/\">\n\t\t\t\t\t<img width=\"845\" height=\"1168\" src=\"https:\/\/protekal.mk\/wp-content\/uploads\/2021\/08\/timthumb-4.jpg\" class=\"attachment-full size-full wp-post-image\" alt=\"\" decoding=\"async\" loading=\"lazy\" srcset=\"https:\/\/protekal.mk\/wp-content\/uploads\/2021\/08\/timthumb-4.jpg 845w, https:\/\/protekal.mk\/wp-content\/uploads\/2021\/08\/timthumb-4-217x300.jpg 217w, https:\/\/protekal.mk\/wp-content\/uploads\/2021\/08\/timthumb-4-741x1024.jpg 741w, https:\/\/protekal.mk\/wp-content\/uploads\/2021\/08\/timthumb-4-768x1062.jpg 768w\" sizes=\"(max-width: 845px) 100vw, 845px\" \/>\t\t\t\t<\/a>\n\t\t\t<\/div>\n        \n                <div class=\"post-grid-text-wrap\">\n\t                \t                                <\/div>\n\n            <\/div><!-- .blog-inner -->\n           \n        <\/article>\n\n        \n        <article id=\"post-2415\" class=\"wpcap-post post-2415 post type-post status-publish format-standard has-post-thumbnail hentry category-uncategorized\">\n         \n            <div class=\"post-grid-inner\">\n            \t\n                \t\t<h3 class=\"title\">\n\t\t\t<a href=\"https:\/\/protekal.mk\/sq\/investimi-me-i-mire-eshte-nje-investim-ne-shendetin-tuaj\/\">Investimi m\u00eb i mir\u00eb \u00ebsht\u00eb nj\u00eb investim n\u00eb sh\u00ebndetin tuaj<\/a>\n\t\t<\/h3>\n\t\t                \n                            \t\n                \t\t\t<div class=\"post-grid-thumbnail\">\n\t\t\t\t<a href=\"https:\/\/protekal.mk\/sq\/investimi-me-i-mire-eshte-nje-investim-ne-shendetin-tuaj\/\">\n\t\t\t\t\t<img width=\"845\" height=\"560\" src=\"https:\/\/protekal.mk\/wp-content\/uploads\/2021\/08\/timthumb-3.jpg\" class=\"attachment-full size-full wp-post-image\" alt=\"\" decoding=\"async\" loading=\"lazy\" srcset=\"https:\/\/protekal.mk\/wp-content\/uploads\/2021\/08\/timthumb-3.jpg 845w, https:\/\/protekal.mk\/wp-content\/uploads\/2021\/08\/timthumb-3-300x199.jpg 300w, https:\/\/protekal.mk\/wp-content\/uploads\/2021\/08\/timthumb-3-768x509.jpg 768w\" sizes=\"(max-width: 845px) 100vw, 845px\" \/>\t\t\t\t<\/a>\n\t\t\t<\/div>\n        \n                <div class=\"post-grid-text-wrap\">\n\t                \t                                <\/div>\n\n            <\/div><!-- .blog-inner -->\n           \n        <\/article>\n\n        \n        <article id=\"post-2410\" class=\"wpcap-post post-2410 post type-post status-publish format-standard has-post-thumbnail hentry category-uncategorized\">\n         \n            <div class=\"post-grid-inner\">\n            \t\n                \t\t<h3 class=\"title\">\n\t\t\t<a href=\"https:\/\/protekal.mk\/sq\/dobesimi-me-kenaqesi\/\">Dob\u00ebsimi me k\u00ebnaq\u00ebsi<\/a>\n\t\t<\/h3>\n\t\t                \n                            \t\n                \t\t\t<div class=\"post-grid-thumbnail\">\n\t\t\t\t<a href=\"https:\/\/protekal.mk\/sq\/dobesimi-me-kenaqesi\/\">\n\t\t\t\t\t<img width=\"845\" height=\"1168\" src=\"https:\/\/protekal.mk\/wp-content\/uploads\/2021\/08\/timthumb-4.jpg\" class=\"attachment-full size-full wp-post-image\" alt=\"\" decoding=\"async\" loading=\"lazy\" srcset=\"https:\/\/protekal.mk\/wp-content\/uploads\/2021\/08\/timthumb-4.jpg 845w, https:\/\/protekal.mk\/wp-content\/uploads\/2021\/08\/timthumb-4-217x300.jpg 217w, https:\/\/protekal.mk\/wp-content\/uploads\/2021\/08\/timthumb-4-741x1024.jpg 741w, https:\/\/protekal.mk\/wp-content\/uploads\/2021\/08\/timthumb-4-768x1062.jpg 768w\" sizes=\"(max-width: 845px) 100vw, 845px\" \/>\t\t\t\t<\/a>\n\t\t\t<\/div>\n        \n                <div class=\"post-grid-text-wrap\">\n\t                \t                                <\/div>\n\n            <\/div><!-- .blog-inner -->\n           \n        <\/article>\n\n        \n        <article id=\"post-2407\" class=\"wpcap-post post-2407 post type-post status-publish format-standard has-post-thumbnail hentry category-uncategorized\">\n         \n            <div class=\"post-grid-inner\">\n            \t\n                \t\t<h3 class=\"title\">\n\t\t\t<a href=\"https:\/\/protekal.mk\/sq\/protekal-mberriti-ne-maqedoni\/\">Protekal mb\u00ebrriti n\u00eb Maqedoni<\/a>\n\t\t<\/h3>\n\t\t                \n                            \t\n                \t\t\t<div class=\"post-grid-thumbnail\">\n\t\t\t\t<a href=\"https:\/\/protekal.mk\/sq\/protekal-mberriti-ne-maqedoni\/\">\n\t\t\t\t\t<img width=\"845\" height=\"597\" src=\"https:\/\/protekal.mk\/wp-content\/uploads\/2021\/08\/timthumb-5.jpg\" class=\"attachment-full size-full wp-post-image\" alt=\"\" decoding=\"async\" loading=\"lazy\" srcset=\"https:\/\/protekal.mk\/wp-content\/uploads\/2021\/08\/timthumb-5.jpg 845w, https:\/\/protekal.mk\/wp-content\/uploads\/2021\/08\/timthumb-5-300x212.jpg 300w, https:\/\/protekal.mk\/wp-content\/uploads\/2021\/08\/timthumb-5-768x543.jpg 768w\" sizes=\"(max-width: 845px) 100vw, 845px\" \/>\t\t\t\t<\/a>\n\t\t\t<\/div>\n        \n                <div class=\"post-grid-text-wrap\">\n\t                \t                                <\/div>\n\n            <\/div><!-- .blog-inner -->\n           \n        <\/article>\n\n        \n        <article id=\"post-2403\" class=\"wpcap-post post-2403 post type-post status-publish format-standard has-post-thumbnail hentry category-uncategorized\">\n         \n            <div class=\"post-grid-inner\">\n            \t\n                \t\t<h3 class=\"title\">\n\t\t\t<a href=\"https:\/\/protekal.mk\/sq\/si-humba-43-kilograme\/\">Si humba 43 kilogram\u00eb<\/a>\n\t\t<\/h3>\n\t\t                \n                            \t\n                \t\t\t<div class=\"post-grid-thumbnail\">\n\t\t\t\t<a href=\"https:\/\/protekal.mk\/sq\/si-humba-43-kilograme\/\">\n\t\t\t\t\t<img width=\"845\" height=\"563\" src=\"https:\/\/protekal.mk\/wp-content\/uploads\/2021\/08\/timthumb-6.jpg\" class=\"attachment-full size-full wp-post-image\" alt=\"\" decoding=\"async\" loading=\"lazy\" srcset=\"https:\/\/protekal.mk\/wp-content\/uploads\/2021\/08\/timthumb-6.jpg 845w, https:\/\/protekal.mk\/wp-content\/uploads\/2021\/08\/timthumb-6-300x200.jpg 300w, https:\/\/protekal.mk\/wp-content\/uploads\/2021\/08\/timthumb-6-768x512.jpg 768w\" sizes=\"(max-width: 845px) 100vw, 845px\" \/>\t\t\t\t<\/a>\n\t\t\t<\/div>\n        \n                <div class=\"post-grid-text-wrap\">\n\t                \t                                <\/div>\n\n            <\/div><!-- .blog-inner -->\n           \n        <\/article>\n\n        \n        <article id=\"post-2398\" class=\"wpcap-post post-2398 post type-post status-publish format-standard has-post-thumbnail hentry category-uncategorized\">\n         \n            <div class=\"post-grid-inner\">\n            \t\n                \t\t<h3 class=\"title\">\n\t\t\t<a href=\"https:\/\/protekal.mk\/sq\/fijet-e-dekstrines-kane-rrjedhur\/\">Fijet e dekstrin\u00ebs kan\u00eb rrjedhur<\/a>\n\t\t<\/h3>\n\t\t                \n                            \t\n                \t\t\t<div class=\"post-grid-thumbnail\">\n\t\t\t\t<a href=\"https:\/\/protekal.mk\/sq\/fijet-e-dekstrines-kane-rrjedhur\/\">\n\t\t\t\t\t<img width=\"845\" height=\"563\" src=\"https:\/\/protekal.mk\/wp-content\/uploads\/2021\/08\/timthumb-7.jpg\" class=\"attachment-full size-full wp-post-image\" alt=\"\" decoding=\"async\" loading=\"lazy\" srcset=\"https:\/\/protekal.mk\/wp-content\/uploads\/2021\/08\/timthumb-7.jpg 845w, https:\/\/protekal.mk\/wp-content\/uploads\/2021\/08\/timthumb-7-300x200.jpg 300w, https:\/\/protekal.mk\/wp-content\/uploads\/2021\/08\/timthumb-7-768x512.jpg 768w\" sizes=\"(max-width: 845px) 100vw, 845px\" \/>\t\t\t\t<\/a>\n\t\t\t<\/div>\n        \n                <div class=\"post-grid-text-wrap\">\n\t                \t                                <\/div>\n\n            <\/div><!-- .blog-inner -->\n           \n        <\/article>\n\n        \n\t\t\t<\/div>\n\t\t<\/div>\n\t\t\t\t<\/div>\n\t\t\t\t<\/div>\n\t\t\t\t\t<\/div>\n\t\t<\/div>\n\t\t\t\t\t\t\t<\/div>\n\t\t<\/section>\n\t\t\t\t<section class=\"elementor-section elementor-top-section elementor-element elementor-element-bcb1d3f elementor-section-stretched elementor-section-boxed elementor-section-height-default elementor-section-height-default\" data-id=\"bcb1d3f\" data-element_type=\"section\" data-settings=\"{&quot;background_background&quot;:&quot;gradient&quot;,&quot;stretch_section&quot;:&quot;section-stretched&quot;}\">\n\t\t\t\t\t\t<div class=\"elementor-container elementor-column-gap-no\">\n\t\t\t\t\t<div class=\"elementor-column elementor-col-50 elementor-top-column elementor-element elementor-element-21cb534\" data-id=\"21cb534\" data-element_type=\"column\">\n\t\t\t<div class=\"elementor-widget-wrap elementor-element-populated\">\n\t\t\t\t\t\t\t\t<div class=\"elementor-element elementor-element-5be4098 elementor-widget elementor-widget-heading\" data-id=\"5be4098\" data-element_type=\"widget\" data-widget_type=\"heading.default\">\n\t\t\t\t<div class=\"elementor-widget-container\">\n\t\t\t<h3 class=\"elementor-heading-title elementor-size-default\">Keni nevoj\u00eb? Na kontaktoni menj\u00ebher\u00eb <\/h3>\t\t<\/div>\n\t\t\t\t<\/div>\n\t\t\t\t\t<\/div>\n\t\t<\/div>\n\t\t\t\t<div class=\"elementor-column elementor-col-50 elementor-top-column elementor-element elementor-element-8c4e09e\" data-id=\"8c4e09e\" data-element_type=\"column\">\n\t\t\t<div class=\"elementor-widget-wrap elementor-element-populated\">\n\t\t\t\t\t\t\t\t<div class=\"elementor-element elementor-element-ad58a6f elementor-align-right elementor-mobile-align-center elementor-widget elementor-widget-button\" data-id=\"ad58a6f\" data-element_type=\"widget\" data-widget_type=\"button.default\">\n\t\t\t\t<div class=\"elementor-widget-container\">\n\t\t\t\t\t<div class=\"elementor-button-wrapper\">\n\t\t\t<a href=\"#\" class=\"elementor-button-link elementor-button elementor-size-sm elementor-animation-grow\" role=\"button\">\n\t\t\t\t\t\t<span class=\"elementor-button-content-wrapper\">\n\t\t\t\t\t\t<span class=\"elementor-button-text\">Na kontaktoni<\/span>\n\t\t<\/span>\n\t\t\t\t\t<\/a>\n\t\t<\/div>\n\t\t\t\t<\/div>\n\t\t\t\t<\/div>\n\t\t\t\t\t<\/div>\n\t\t<\/div>\n\t\t\t\t\t\t\t<\/div>\n\t\t<\/section>\n\t\t\t\t<section class=\"elementor-section elementor-top-section elementor-element elementor-element-966bdc5 elementor-section-boxed elementor-section-height-default elementor-section-height-default\" data-id=\"966bdc5\" data-element_type=\"section\">\n\t\t\t\t\t\t<div class=\"elementor-container elementor-column-gap-default\">\n\t\t\t\t\t<div class=\"elementor-column elementor-col-100 elementor-top-column elementor-element elementor-element-59efedb\" data-id=\"59efedb\" data-element_type=\"column\">\n\t\t\t<div class=\"elementor-widget-wrap elementor-element-populated\">\n\t\t\t\t\t\t\t\t<div class=\"elementor-element elementor-element-d1adf23 elementor-icon-list--layout-inline elementor-align-center elementor-list-item-link-full_width elementor-widget elementor-widget-icon-list\" data-id=\"d1adf23\" data-element_type=\"widget\" data-widget_type=\"icon-list.default\">\n\t\t\t\t<div class=\"elementor-widget-container\">\n\t\t\t\t\t<ul class=\"elementor-icon-list-items elementor-inline-items\">\n\t\t\t\t\t\t\t<li class=\"elementor-icon-list-item elementor-inline-item\">\n\t\t\t\t\t\t\t\t\t\t\t<a href=\"https:\/\/www.facebook.com\/zakratheme\">\n\n\t\t\t\t\t\t\t\t\t\t\t\t<span class=\"elementor-icon-list-icon\">\n\t\t\t\t\t\t\t<i aria-hidden=\"true\" class=\"fab fa-facebook-f\"><\/i>\t\t\t\t\t\t<\/span>\n\t\t\t\t\t\t\t\t\t\t<span class=\"elementor-icon-list-text\"><\/span>\n\t\t\t\t\t\t\t\t\t\t\t<\/a>\n\t\t\t\t\t\t\t\t\t<\/li>\n\t\t\t\t\t\t\t\t<li class=\"elementor-icon-list-item elementor-inline-item\">\n\t\t\t\t\t\t\t\t\t\t\t<a href=\"https:\/\/twitter.com\/zakratheme\/\">\n\n\t\t\t\t\t\t\t\t\t\t\t\t<span class=\"elementor-icon-list-icon\">\n\t\t\t\t\t\t\t<i aria-hidden=\"true\" class=\"fab fa-twitter\"><\/i>\t\t\t\t\t\t<\/span>\n\t\t\t\t\t\t\t\t\t\t<span class=\"elementor-icon-list-text\"><\/span>\n\t\t\t\t\t\t\t\t\t\t\t<\/a>\n\t\t\t\t\t\t\t\t\t<\/li>\n\t\t\t\t\t\t\t\t<li class=\"elementor-icon-list-item elementor-inline-item\">\n\t\t\t\t\t\t\t\t\t\t\t<a href=\"https:\/\/www.linkedin.com\/company\/themegrill-pvt.-ltd.\/\">\n\n\t\t\t\t\t\t\t\t\t\t\t\t<span class=\"elementor-icon-list-icon\">\n\t\t\t\t\t\t\t<i aria-hidden=\"true\" class=\"fab fa-linkedin-in\"><\/i>\t\t\t\t\t\t<\/span>\n\t\t\t\t\t\t\t\t\t\t<span class=\"elementor-icon-list-text\"><\/span>\n\t\t\t\t\t\t\t\t\t\t\t<\/a>\n\t\t\t\t\t\t\t\t\t<\/li>\n\t\t\t\t\t\t\t\t<li class=\"elementor-icon-list-item elementor-inline-item\">\n\t\t\t\t\t\t\t\t\t\t\t<a href=\"https:\/\/www.youtube.com\/channel\/UCxxUb-k2cT43fNXY-V39LXw\">\n\n\t\t\t\t\t\t\t\t\t\t\t\t<span class=\"elementor-icon-list-icon\">\n\t\t\t\t\t\t\t<i aria-hidden=\"true\" class=\"fab fa-youtube\"><\/i>\t\t\t\t\t\t<\/span>\n\t\t\t\t\t\t\t\t\t\t<span class=\"elementor-icon-list-text\"><\/span>\n\t\t\t\t\t\t\t\t\t\t\t<\/a>\n\t\t\t\t\t\t\t\t\t<\/li>\n\t\t\t\t\t\t\t\t<li class=\"elementor-icon-list-item elementor-inline-item\">\n\t\t\t\t\t\t\t\t\t\t\t<a href=\"https:\/\/www.pinterest.co.uk\/themegrill\">\n\n\t\t\t\t\t\t\t\t\t\t\t\t<span class=\"elementor-icon-list-icon\">\n\t\t\t\t\t\t\t<i aria-hidden=\"true\" class=\"fab fa-pinterest\"><\/i>\t\t\t\t\t\t<\/span>\n\t\t\t\t\t\t\t\t\t\t<span class=\"elementor-icon-list-text\"><\/span>\n\t\t\t\t\t\t\t\t\t\t\t<\/a>\n\t\t\t\t\t\t\t\t\t<\/li>\n\t\t\t\t\t\t<\/ul>\n\t\t\t\t<\/div>\n\t\t\t\t<\/div>\n\t\t\t\t\t<\/div>\n\t\t<\/div>\n\t\t\t\t\t\t\t<\/div>\n\t\t<\/section>\n\t\t\t\t\t\t<\/div>\n\t\t\t\t\t<\/div>","protected":false},"excerpt":{"rendered":"<p>Ushqimi proteinik-Grazia Diet\u00eb proteinike n\u00ebn mbik\u00ebqyrjen e nj\u00eb mjeku Diet\u00eb pa uri Investimi m\u00eb i mir\u00eb \u00ebsht\u00eb nj\u00eb investim n\u00eb sh\u00ebndetin tuaj Dob\u00ebsimi me k\u00ebnaq\u00ebsi Protekal mb\u00ebrriti n\u00eb Maqedoni Si humba 43 kilogram\u00eb Fijet e dekstrin\u00ebs kan\u00eb rrjedhur Keni nevoj\u00eb? Na kontaktoni menj\u00ebher\u00eb Na kontaktoni<\/p>","protected":false},"author":1,"featured_media":0,"parent":0,"menu_order":0,"comment_status":"closed","ping_status":"closed","template":"elementor_header_footer","meta":[],"_links":{"self":[{"href":"https:\/\/protekal.mk\/sq\/wp-json\/wp\/v2\/pages\/2433"}],"collection":[{"href":"https:\/\/protekal.mk\/sq\/wp-json\/wp\/v2\/pages"}],"about":[{"href":"https:\/\/protekal.mk\/sq\/wp-json\/wp\/v2\/types\/page"}],"author":[{"embeddable":true,"href":"https:\/\/protekal.mk\/sq\/wp-json\/wp\/v2\/users\/1"}],"replies":[{"embeddable":true,"href":"https:\/\/protekal.mk\/sq\/wp-json\/wp\/v2\/comments?post=2433"}],"version-history":[{"count":6,"href":"https:\/\/protekal.mk\/sq\/wp-json\/wp\/v2\/pages\/2433\/revisions"}],"predecessor-version":[{"id":2647,"href":"https:\/\/protekal.mk\/sq\/wp-json\/wp\/v2\/pages\/2433\/revisions\/2647"}],"wp:attachment":[{"href":"https:\/\/protekal.mk\/sq\/wp-json\/wp\/v2\/media?parent=2433"}],"curies":[{"name":"wp","href":"https:\/\/api.w.org\/{rel}","templated":true}]}}