{"id":2815,"date":"2021-09-15T19:43:00","date_gmt":"2021-09-15T19:43:00","guid":{"rendered":"https:\/\/new.protekal.mk\/?page_id=2815"},"modified":"2021-10-08T07:18:10","modified_gmt":"2021-10-08T07:18:10","slug":"elementor-2815","status":"publish","type":"page","link":"https:\/\/protekal.mk\/sq\/elementor-2815\/","title":{"rendered":"Kolagjeni i hidrolizuar (peptid)"},"content":{"rendered":"<div data-elementor-type=\"wp-page\" data-elementor-id=\"2815\" class=\"elementor elementor-2815\" data-elementor-settings=\"[]\">\n\t\t\t\t\t\t\t<div class=\"elementor-section-wrap\">\n\t\t\t\t\t\t\t<section class=\"elementor-section elementor-top-section elementor-element elementor-element-8e29c87 elementor-section-boxed elementor-section-height-default elementor-section-height-default\" data-id=\"8e29c87\" data-element_type=\"section\">\n\t\t\t\t\t\t<div class=\"elementor-container elementor-column-gap-default\">\n\t\t\t\t\t<div class=\"elementor-column elementor-col-100 elementor-top-column elementor-element elementor-element-dad77b6\" data-id=\"dad77b6\" data-element_type=\"column\">\n\t\t\t<div class=\"elementor-widget-wrap elementor-element-populated\">\n\t\t\t\t\t\t\t\t<div class=\"elementor-element elementor-element-b7008e9 elementor-widget elementor-widget-heading\" data-id=\"b7008e9\" data-element_type=\"widget\" data-widget_type=\"heading.default\">\n\t\t\t\t<div class=\"elementor-widget-container\">\n\t\t\t<h2 class=\"elementor-heading-title elementor-size-default\">Kolagjeni i hidrolizuar (peptid)<\/h2>\t\t<\/div>\n\t\t\t\t<\/div>\n\t\t\t\t<div class=\"elementor-element elementor-element-6056979 elementor-widget elementor-widget-text-editor\" data-id=\"6056979\" data-element_type=\"widget\" data-widget_type=\"text-editor.default\">\n\t\t\t\t<div class=\"elementor-widget-container\">\n\t\t\t\t\t\t\t<p>Kolagjeni ka nj\u00eb rol t\u00eb trefisht\u00eb n\u00eb njer\u00ebz. Efekti i kolagjenit p\u00ebrmir\u00ebson dhe parandalon osteoporoz\u00ebn, p\u00ebrmir\u00ebsimin dhe parandalimin e osteoaritritisit, si dhe heqjen e rrudhave dhe parandalimin e formimit t\u00eb rrudhave te reja.<\/p><p><strong>Osteartitisi dhe osteoporoza<\/strong><\/p><p>Si filloni t\u00eb plakeni, ashtu fillojn\u00eb t\u00eb shfaqen shenjat e pleq\u00ebris\u00eb. Dy nga problemet m\u00eb t\u00eb m\u00ebdha jan\u00eb osteoaritritisi dhe osteoporoza duke d\u00ebrguar n\u00eb dhimbje dhe invaliditet.<\/p><p>Tashm\u00eb m\u00eb i mir\u00eb njohur kolagjeni i hidrolizuar (peptid) ndihmon n\u00eb ruajtjen e sh\u00ebndetit t\u00eb eshtrave dhe nyjeve duke parandaluar osteoporoz\u00ebn dhe osteoaritritin.<\/p>\t\t\t\t\t\t<\/div>\n\t\t\t\t<\/div>\n\t\t\t\t\t<\/div>\n\t\t<\/div>\n\t\t\t\t\t\t\t<\/div>\n\t\t<\/section>\n\t\t\t\t<section class=\"elementor-section elementor-top-section elementor-element elementor-element-f7a0ac2 elementor-section-stretched elementor-section-boxed elementor-section-height-default elementor-section-height-default\" data-id=\"f7a0ac2\" data-element_type=\"section\" data-settings=\"{&quot;stretch_section&quot;:&quot;section-stretched&quot;}\">\n\t\t\t\t\t\t<div class=\"elementor-container elementor-column-gap-default\">\n\t\t\t\t\t<div class=\"elementor-column elementor-col-50 elementor-top-column elementor-element elementor-element-12167b3\" data-id=\"12167b3\" data-element_type=\"column\">\n\t\t\t<div class=\"elementor-widget-wrap elementor-element-populated\">\n\t\t\t\t\t\t\t\t<div class=\"elementor-element elementor-element-a197bc7 elementor-widget elementor-widget-text-editor\" data-id=\"a197bc7\" data-element_type=\"widget\" data-widget_type=\"text-editor.default\">\n\t\t\t\t<div class=\"elementor-widget-container\">\n\t\t\t\t\t\t\t<p><strong>Nyjet<\/strong><\/p><p>K\u00ebrci p\u00ebrb\u00ebhe nga qeliza t\u00eb vetme hondrocite ngjitur n\u00eb matriksin ekstracelular q\u00eb p\u00ebrb\u00ebhet nga dy komponent kryesor: kolagjeni i tipit 2 i cili \u00ebsht\u00eb p\u00ebrgjejgj\u00ebs p\u00ebr rezistenc\u00ebn n\u00eb presion n\u00eb k\u00ebrc. Gjat\u00eb\u00a0 osteoaritritisit forma m\u00eb e zakonshme e artitritit, kjo gjendje \u00ebsht\u00eb p\u00ebrkeq\u00ebsuar p\u00ebr shkak t\u00eb pranis\u00eb t\u00eb molekualve pro-inflamatore q\u00eb stimulon sintez\u00ebn e enzimeve degraduse. K\u00ebto enzime shp\u00ebrb\u00ebjn\u00eb agrekanin dhe kolagjenin duke \u00e7uar n\u00eb humbjen e k\u00ebrcit dhe duke reduktuar funksionin e tij.<\/p><p>Me konsumimin e kolagjenit hidrolizues plot\u00ebsohet kolagjeni i shp\u00ebrb\u00ebr\u00eb dhe renovohet k\u00ebrci.<\/p><p>\u00a0<\/p><p><img decoding=\"async\" loading=\"lazy\" class=\"size-full wp-image-1383 alignleft\" src=\"https:\/\/protekal.mk\/wp-content\/uploads\/2021\/07\/peptan-stari.jpg\" alt=\"\" width=\"200\" height=\"259\" \/><\/p><p><strong>Eshtrat:<\/strong><\/p><p>N\u00eb lidhje me efektin e kolagjenit t\u00eb hidrolizuar, studiuesit kan\u00eb gjetur dhe kan\u00eb treguar se kur metabolit t\u00eb kolagjenit t\u00eb hidrolizuar jan\u00eb t\u00eb pranish\u00ebm n\u00eb matriksin jasht\u00ebqelizor t\u00eb eshtrave ato e stimulojn sintez\u00ebn e osteoplastideve (qelizat p\u00ebrgjegj\u00ebse t\u00eb indit t\u00eb eshtrave), n\u00eb vend t\u00eb osteoklastideve (qelizat q\u00eb e b\u00ebjn\u00eb riabsorbimin e indit t\u00eb eshtrave).<\/p><p>Kjo si efekt p\u00ebrfundimtar e ka parandalimin e osteoporoz\u00ebs dhe sh\u00ebrimin e indit t\u00eb eshtrave.<\/p><p><strong>Provuar shkenc\u00ebrisht, mund t\u00eb thuhet se kolagjeni i hidrolizuar (peptid) ndihmon n\u00eb:<\/strong><\/p><p><strong>-Parandalimin e osteoporoz\u00ebs<\/strong><\/p><p><strong>-Parandalimin e humbjes s\u00eb fuqis\u00eb n\u00eb eshtra<\/strong><\/p><p><strong>-Mir\u00ebmbajtja e sh\u00ebndetit t\u00eb eshtrave<\/strong><\/p><p><strong>-Parandalimi i degjenerimit t\u00eb matriksit n\u00eb nyje<\/strong><\/p><p><strong>-Reduktimi i dhembjes n\u00eb nyje<\/strong><\/p>\t\t\t\t\t\t<\/div>\n\t\t\t\t<\/div>\n\t\t\t\t\t<\/div>\n\t\t<\/div>\n\t\t\t\t<div class=\"elementor-column elementor-col-50 elementor-top-column elementor-element elementor-element-5144356\" data-id=\"5144356\" data-element_type=\"column\">\n\t\t\t<div class=\"elementor-widget-wrap elementor-element-populated\">\n\t\t\t\t\t\t\t\t<div class=\"elementor-element elementor-element-2b002ce elementor-widget elementor-widget-text-editor\" data-id=\"2b002ce\" data-element_type=\"widget\" data-widget_type=\"text-editor.default\">\n\t\t\t\t<div class=\"elementor-widget-container\">\n\t\t\t\t\t\t\t<p><strong>L\u00ebkura dhe rrudhat<\/strong><\/p><p>Rrudhat e imta, rrudhat dhe humbja e elasticitetit jan\u00eb simptomat zakonisht q\u00eb lidhen me plakjen e l\u00ebkur\u00ebs. P\u00ebr pjes\u00ebn m\u00eb t\u00eb madhe kjo \u00ebsht\u00eb rezultat i akumulimit t\u00eb ekspozimit t\u00eb l\u00ebkur\u00ebs ndaj ambientit, si dhe e zvog\u00eblimit natyral t\u00eb rip\u00ebrtrirjes s\u00eb qelizave q\u00eb kontribuojn\u00eb n\u00eb humbjen e kolagjenit.<\/p><p>Kujdesi adekuat p\u00ebr l\u00ebkur\u00ebn mund t\u00eb p\u00ebrmir\u00ebsoj\u00eb dramatikisht dhe kthen dukjen rinore dhe t\u00eb sh\u00ebndetshme t\u00eb l\u00ebkur\u00ebs. Mbajtja e sasis\u00eb s\u00eb kolagjenit \u00ebsht\u00eb \u00e7el\u00ebsi p\u00ebr l\u00ebkur\u00eb t\u00eb bukur dhe t\u00eb sh\u00ebndetshme. Glicin\u00eb, prolin\u00eb, alanin dhe hidroksiprolin jan\u00eb p\u00ebrb\u00ebrsit kryesor t\u00eb kolagjenit. Duke plot\u00ebsuar k\u00ebto aminoacide p\u00ebrb\u00ebr\u00ebse mbahet sasia e kolagjenit n\u00eb nivel t\u00eb sh\u00ebndetsh\u00ebm dhe n\u00eb k\u00ebt\u00eb m\u00ebnyr\u00eb parandalohet plakja e l\u00ebkur\u00ebs.<\/p><p>Gjithmon\u00eb e m\u00eb shum\u00eb hulumtime tregojn\u00eb q\u00eb nutrikozmetika mund t\u00eb ndikoj\u00eb p\u00ebr l\u00ebkur\u00eb t\u00eb sh\u00ebndetshme. P\u00ebrderisa krem\u00ebrat adekuate dhe produktet kozmetike mund t\u00eb ndikojn\u00eb n\u00eb gjendjen e l\u00ebkur\u00ebs prej s\u00eb jashti, suplement\u00ebt n\u00eb ushqim t\u00eb marra n\u00eb m\u00ebnyr\u00eb orale ndikojn\u00eb n\u00eb m\u00ebnyr\u00eb m\u00eb efikase prej nga mbrendia, e njohur si: \u201cbukuria nga mbrenda\u201d.<\/p><p>Kur kolagjeni futet n\u00eb organiz\u00ebm kolagjeni (peptidi) ai sjell deri te krijimi i kolagjen peptideve t\u00eb cilat ndikojn\u00eb n\u00eb m\u00ebnyr\u00eb stimuluese p\u00ebr krijimin e fibroblasteve t\u00eb reja deri t\u00eb rritja e dend\u00ebsis\u00eb s\u00eb tyre dhe rritja e v\u00ebllimit t\u00eb fijeve t\u00eb kolagjenit n\u00eb dermis.<\/p><p><strong>E gjith\u00eb kjo sjell deri te:<\/strong><\/p><p><strong>&#8211; rritja e forc\u00ebs mekanike t\u00eb l\u00ebkur\u00ebs;<\/strong><\/p><p><strong>&#8211; rritja e elasticitetit t\u00eb l\u00ebkur\u00ebs;<\/strong><\/p><p><strong>&#8211; shk\u00eblqimi i l\u00ebkur\u00ebs;<\/strong><\/p><p><strong>&#8211; p\u00ebrmir\u00ebsimi i lag\u00ebshtis\u00eb s\u00eb l\u00ebkur\u00ebs;<\/strong><\/p><p><strong>&#8211; zvoglimi i numrit t\u00eb rrudhave mikrorelevike,<\/strong><\/p><p><strong>&#8211; parandalimi i rrudhave t\u00eb reja<\/strong><\/p>\t\t\t\t\t\t<\/div>\n\t\t\t\t<\/div>\n\t\t\t\t\t<\/div>\n\t\t<\/div>\n\t\t\t\t\t\t\t<\/div>\n\t\t<\/section>\n\t\t\t\t<section class=\"elementor-section elementor-top-section elementor-element elementor-element-68fcfd1 elementor-section-stretched elementor-section-boxed elementor-section-height-default elementor-section-height-default\" data-id=\"68fcfd1\" data-element_type=\"section\" data-settings=\"{&quot;background_background&quot;:&quot;gradient&quot;,&quot;stretch_section&quot;:&quot;section-stretched&quot;}\">\n\t\t\t\t\t\t<div class=\"elementor-container elementor-column-gap-no\">\n\t\t\t\t\t<div class=\"elementor-column elementor-col-50 elementor-top-column elementor-element elementor-element-b2665a0\" data-id=\"b2665a0\" data-element_type=\"column\">\n\t\t\t<div class=\"elementor-widget-wrap elementor-element-populated\">\n\t\t\t\t\t\t\t\t<div class=\"elementor-element elementor-element-304391d elementor-widget elementor-widget-heading\" data-id=\"304391d\" data-element_type=\"widget\" data-widget_type=\"heading.default\">\n\t\t\t\t<div class=\"elementor-widget-container\">\n\t\t\t<h3 class=\"elementor-heading-title elementor-size-default\">Keni nevoj\u00eb? Na kontaktoni menj\u00ebher\u00eb <\/h3>\t\t<\/div>\n\t\t\t\t<\/div>\n\t\t\t\t\t<\/div>\n\t\t<\/div>\n\t\t\t\t<div class=\"elementor-column elementor-col-50 elementor-top-column elementor-element elementor-element-bf63ca7\" data-id=\"bf63ca7\" data-element_type=\"column\">\n\t\t\t<div class=\"elementor-widget-wrap elementor-element-populated\">\n\t\t\t\t\t\t\t\t<div class=\"elementor-element elementor-element-b701fa7 elementor-align-right elementor-mobile-align-center elementor-widget elementor-widget-button\" data-id=\"b701fa7\" data-element_type=\"widget\" data-widget_type=\"button.default\">\n\t\t\t\t<div class=\"elementor-widget-container\">\n\t\t\t\t\t<div class=\"elementor-button-wrapper\">\n\t\t\t<a href=\"https:\/\/protekal.mk\/contact\/\" class=\"elementor-button-link elementor-button elementor-size-sm elementor-animation-grow\" role=\"button\">\n\t\t\t\t\t\t<span class=\"elementor-button-content-wrapper\">\n\t\t\t\t\t\t<span class=\"elementor-button-text\">Na kontaktoni<\/span>\n\t\t<\/span>\n\t\t\t\t\t<\/a>\n\t\t<\/div>\n\t\t\t\t<\/div>\n\t\t\t\t<\/div>\n\t\t\t\t\t<\/div>\n\t\t<\/div>\n\t\t\t\t\t\t\t<\/div>\n\t\t<\/section>\n\t\t\t\t<section class=\"elementor-section elementor-top-section elementor-element elementor-element-88d5f34 elementor-section-boxed elementor-section-height-default elementor-section-height-default\" data-id=\"88d5f34\" data-element_type=\"section\">\n\t\t\t\t\t\t<div class=\"elementor-container elementor-column-gap-default\">\n\t\t\t\t\t<div class=\"elementor-column elementor-col-100 elementor-top-column elementor-element elementor-element-b45dbc3\" data-id=\"b45dbc3\" data-element_type=\"column\">\n\t\t\t<div class=\"elementor-widget-wrap elementor-element-populated\">\n\t\t\t\t\t\t\t\t<div class=\"elementor-element elementor-element-3cc6180 elementor-icon-list--layout-inline elementor-align-center elementor-list-item-link-full_width elementor-widget elementor-widget-icon-list\" data-id=\"3cc6180\" data-element_type=\"widget\" data-widget_type=\"icon-list.default\">\n\t\t\t\t<div class=\"elementor-widget-container\">\n\t\t\t\t\t<ul class=\"elementor-icon-list-items elementor-inline-items\">\n\t\t\t\t\t\t\t<li class=\"elementor-icon-list-item elementor-inline-item\">\n\t\t\t\t\t\t\t\t\t\t\t<a href=\"https:\/\/www.facebook.com\/zakratheme\">\n\n\t\t\t\t\t\t\t\t\t\t\t\t<span class=\"elementor-icon-list-icon\">\n\t\t\t\t\t\t\t<i aria-hidden=\"true\" class=\"fab fa-facebook-f\"><\/i>\t\t\t\t\t\t<\/span>\n\t\t\t\t\t\t\t\t\t\t<span class=\"elementor-icon-list-text\"><\/span>\n\t\t\t\t\t\t\t\t\t\t\t<\/a>\n\t\t\t\t\t\t\t\t\t<\/li>\n\t\t\t\t\t\t\t\t<li class=\"elementor-icon-list-item elementor-inline-item\">\n\t\t\t\t\t\t\t\t\t\t\t<a href=\"https:\/\/twitter.com\/zakratheme\/\">\n\n\t\t\t\t\t\t\t\t\t\t\t\t<span class=\"elementor-icon-list-icon\">\n\t\t\t\t\t\t\t<i aria-hidden=\"true\" class=\"fab fa-twitter\"><\/i>\t\t\t\t\t\t<\/span>\n\t\t\t\t\t\t\t\t\t\t<span class=\"elementor-icon-list-text\"><\/span>\n\t\t\t\t\t\t\t\t\t\t\t<\/a>\n\t\t\t\t\t\t\t\t\t<\/li>\n\t\t\t\t\t\t\t\t<li class=\"elementor-icon-list-item elementor-inline-item\">\n\t\t\t\t\t\t\t\t\t\t\t<a href=\"https:\/\/www.linkedin.com\/company\/themegrill-pvt.-ltd.\/\">\n\n\t\t\t\t\t\t\t\t\t\t\t\t<span class=\"elementor-icon-list-icon\">\n\t\t\t\t\t\t\t<i aria-hidden=\"true\" class=\"fab fa-linkedin-in\"><\/i>\t\t\t\t\t\t<\/span>\n\t\t\t\t\t\t\t\t\t\t<span class=\"elementor-icon-list-text\"><\/span>\n\t\t\t\t\t\t\t\t\t\t\t<\/a>\n\t\t\t\t\t\t\t\t\t<\/li>\n\t\t\t\t\t\t\t\t<li class=\"elementor-icon-list-item elementor-inline-item\">\n\t\t\t\t\t\t\t\t\t\t\t<a href=\"https:\/\/www.youtube.com\/channel\/UCxxUb-k2cT43fNXY-V39LXw\">\n\n\t\t\t\t\t\t\t\t\t\t\t\t<span class=\"elementor-icon-list-icon\">\n\t\t\t\t\t\t\t<i aria-hidden=\"true\" class=\"fab fa-youtube\"><\/i>\t\t\t\t\t\t<\/span>\n\t\t\t\t\t\t\t\t\t\t<span class=\"elementor-icon-list-text\"><\/span>\n\t\t\t\t\t\t\t\t\t\t\t<\/a>\n\t\t\t\t\t\t\t\t\t<\/li>\n\t\t\t\t\t\t\t\t<li class=\"elementor-icon-list-item elementor-inline-item\">\n\t\t\t\t\t\t\t\t\t\t\t<a href=\"https:\/\/www.pinterest.co.uk\/themegrill\">\n\n\t\t\t\t\t\t\t\t\t\t\t\t<span class=\"elementor-icon-list-icon\">\n\t\t\t\t\t\t\t<i aria-hidden=\"true\" class=\"fab fa-pinterest\"><\/i>\t\t\t\t\t\t<\/span>\n\t\t\t\t\t\t\t\t\t\t<span class=\"elementor-icon-list-text\"><\/span>\n\t\t\t\t\t\t\t\t\t\t\t<\/a>\n\t\t\t\t\t\t\t\t\t<\/li>\n\t\t\t\t\t\t<\/ul>\n\t\t\t\t<\/div>\n\t\t\t\t<\/div>\n\t\t\t\t\t<\/div>\n\t\t<\/div>\n\t\t\t\t\t\t\t<\/div>\n\t\t<\/section>\n\t\t\t\t\t\t<\/div>\n\t\t\t\t\t<\/div>","protected":false},"excerpt":{"rendered":"<p>Kolagjeni i hidrolizuar (peptid) Kolagjeni ka nj\u00eb rol t\u00eb trefisht\u00eb n\u00eb njer\u00ebz. Efekti i kolagjenit p\u00ebrmir\u00ebson dhe parandalon osteoporoz\u00ebn, p\u00ebrmir\u00ebsimin dhe parandalimin e osteoaritritisit, si dhe heqjen e rrudhave dhe parandalimin e formimit t\u00eb rrudhave te reja. Osteartitisi dhe osteoporoza Si filloni t\u00eb plakeni, ashtu fillojn\u00eb t\u00eb shfaqen shenjat e pleq\u00ebris\u00eb. Dy nga problemet m\u00eb [&hellip;]<\/p>","protected":false},"author":1,"featured_media":0,"parent":0,"menu_order":0,"comment_status":"closed","ping_status":"closed","template":"elementor_header_footer","meta":[],"_links":{"self":[{"href":"https:\/\/protekal.mk\/sq\/wp-json\/wp\/v2\/pages\/2815"}],"collection":[{"href":"https:\/\/protekal.mk\/sq\/wp-json\/wp\/v2\/pages"}],"about":[{"href":"https:\/\/protekal.mk\/sq\/wp-json\/wp\/v2\/types\/page"}],"author":[{"embeddable":true,"href":"https:\/\/protekal.mk\/sq\/wp-json\/wp\/v2\/users\/1"}],"replies":[{"embeddable":true,"href":"https:\/\/protekal.mk\/sq\/wp-json\/wp\/v2\/comments?post=2815"}],"version-history":[{"count":11,"href":"https:\/\/protekal.mk\/sq\/wp-json\/wp\/v2\/pages\/2815\/revisions"}],"predecessor-version":[{"id":3376,"href":"https:\/\/protekal.mk\/sq\/wp-json\/wp\/v2\/pages\/2815\/revisions\/3376"}],"wp:attachment":[{"href":"https:\/\/protekal.mk\/sq\/wp-json\/wp\/v2\/media?parent=2815"}],"curies":[{"name":"wp","href":"https:\/\/api.w.org\/{rel}","templated":true}]}}