{"id":2846,"date":"2021-09-16T07:54:14","date_gmt":"2021-09-16T07:54:14","guid":{"rendered":"https:\/\/new.protekal.mk\/?page_id=2846"},"modified":"2021-09-16T07:55:58","modified_gmt":"2021-09-16T07:55:58","slug":"fibrat-dekstrin","status":"publish","type":"page","link":"https:\/\/protekal.mk\/sq\/fibrat-dekstrin\/","title":{"rendered":"Fibrat dekstrin"},"content":{"rendered":"<div data-elementor-type=\"wp-page\" data-elementor-id=\"2846\" class=\"elementor elementor-2846\" data-elementor-settings=\"[]\">\n\t\t\t\t\t\t\t<div class=\"elementor-section-wrap\">\n\t\t\t\t\t\t\t<section class=\"elementor-section elementor-top-section elementor-element elementor-element-0071196 elementor-section-boxed elementor-section-height-default elementor-section-height-default\" data-id=\"0071196\" data-element_type=\"section\">\n\t\t\t\t\t\t<div class=\"elementor-container elementor-column-gap-default\">\n\t\t\t\t\t<div class=\"elementor-column elementor-col-33 elementor-top-column elementor-element elementor-element-08ce7f2\" data-id=\"08ce7f2\" data-element_type=\"column\">\n\t\t\t<div class=\"elementor-widget-wrap\">\n\t\t\t\t\t\t\t\t\t<\/div>\n\t\t<\/div>\n\t\t\t\t<div class=\"elementor-column elementor-col-33 elementor-top-column elementor-element elementor-element-44f7929\" data-id=\"44f7929\" data-element_type=\"column\">\n\t\t\t<div class=\"elementor-widget-wrap elementor-element-populated\">\n\t\t\t\t\t\t\t\t<div class=\"elementor-element elementor-element-dc07d32 elementor-widget elementor-widget-heading\" data-id=\"dc07d32\" data-element_type=\"widget\" data-widget_type=\"heading.default\">\n\t\t\t\t<div class=\"elementor-widget-container\">\n\t\t\t<h2 class=\"elementor-heading-title elementor-size-default\">PROTEKAL DEKSTRIN FIBRA T\u00cb TRETSHME NDIHMOJN N\u00cb KONSTIPACION DHE JAN\u00cb EFIKASE P\u00cbR SISTEMIN  DIGJESTIV<\/h2>\t\t<\/div>\n\t\t\t\t<\/div>\n\t\t\t\t<div class=\"elementor-element elementor-element-e066ed8 elementor-widget elementor-widget-text-editor\" data-id=\"e066ed8\" data-element_type=\"widget\" data-widget_type=\"text-editor.default\">\n\t\t\t\t<div class=\"elementor-widget-container\">\n\t\t\t\t\t\t\t<p><span style=\"font-weight: 400;\">Dihet mir\u00eb q\u00eb fibrat e tretshme\u00a0 duhet t\u00eb konsumohen sa m\u00eb shum\u00eb q\u00eb t\u00eb jet\u00eb e mundur dhe t\u00eb gjith\u00eb mjek\u00ebt dhe nutricionist\u00ebt rekomandojn\u00eb ushqime t\u00eb pasura me k\u00ebt\u00eb fib\u00ebr. Fibrat e tretshme absorbohen natyrsh\u00ebm duke konsumuar fruta, perime, drith\u00ebra, bishtajore, etj. Rekomandohet t\u00eb konsumoni rreth 30 gram fibra n\u00eb dit\u00eb p\u00ebr t\u00eb arritur sh\u00ebndetin dhe funksionimin optimal t\u00eb sistemit tret\u00ebs. Por p\u00ebr shkak t\u00eb nevoj\u00ebs son\u00eb p\u00ebr t\u00eb ngr\u00ebn\u00eb ushqim t\u00eb shijsh\u00ebm dhe t\u00eb leht\u00eb dhe p\u00ebr shkak t\u00eb p\u00ebrpunimit t\u00eb produkteve natyrore ne nuk marrim fibra t\u00eb mjaftueshme. Sipas statistikave, shumica e njer\u00ebzve konsumojn\u00eb m\u00eb pak se 15 gram fibra n\u00eb dit\u00eb, q\u00eb \u00ebsht\u00eb gjysma e sasis\u00eb s\u00eb k\u00ebrkuar. Kjo munges\u00eb e fibrave shkakton probleme te\u00a0 njer\u00ebzit, por mund t\u00eb plot\u00ebsohet me Protekal dekstrin fibrat e tretshme q\u00eb jan\u00eb n\u00eb form\u00ebn e nj\u00eb pluhuri q\u00eb treten n\u00eb uj\u00eb\u00a0 dhe fitohet nj\u00eb pije\u00a0 e shijshme.<\/span><\/p><p><img decoding=\"async\" loading=\"lazy\" class=\"wp-image-1660 size-medium alignleft\" src=\"https:\/\/protekal.mk\/wp-content\/uploads\/2021\/07\/19867-300x200.jpg\" alt=\"\" width=\"300\" height=\"200\" srcset=\"https:\/\/protekal.mk\/wp-content\/uploads\/2021\/07\/19867-300x200.jpg 300w, https:\/\/protekal.mk\/wp-content\/uploads\/2021\/07\/19867-1024x683.jpg 1024w, https:\/\/protekal.mk\/wp-content\/uploads\/2021\/07\/19867-768x512.jpg 768w, https:\/\/protekal.mk\/wp-content\/uploads\/2021\/07\/19867-1536x1024.jpg 1536w, https:\/\/protekal.mk\/wp-content\/uploads\/2021\/07\/19867-2048x1365.jpg 2048w\" sizes=\"(max-width: 300px) 100vw, 300px\" \/><\/p><p><span style=\"font-weight: 400;\"><br \/><\/span><span style=\"font-weight: 400;\">Fibrat e tretshme thithin ujin n\u00eb zorr\u00eb dhe k\u00ebshtu zbusin jasht\u00ebqitjen dhe p\u00ebr k\u00ebt\u00eb arsye jan\u00eb shum\u00eb efektive n\u00eb problemet me kapsll\u00ebkun (mbylljen), duke zvog\u00ebluar rrezikun e hemorroideve dhe nxjerrjen e p\u00ebrshpejtuar t\u00eb toksinave dhe yndyrave, t\u00eb cilat ndikojn\u00eb n\u00eb nivelin e kolesterolit dhe sheqerit n\u00eb gjak.<\/span><span style=\"font-weight: 400;\"> Shkenc\u00ebtar\u00ebt pohojn\u00eb se 70- 80% e funksionit t\u00eb sistemit imunitar lidhet me sistemin tret\u00ebs, dhe duke i p\u00ebrdorur\u00a0 fibrat ndihmojn\u00eb drejtp\u00ebrdrejt n<\/span><span style=\"font-weight: 400;\">\u00eb<\/span><span style=\"font-weight: 400;\"> pun\u00ebn e sistemit tret\u00ebs, dhe n\u00eb m\u00ebnyr\u00eb indirekte ndihmojn\u00eb n\u00eb ngritjen e nivelit t\u00eb sistemit imunitar (p\u00ebrgjigje).<\/span><\/p><p><span style=\"font-weight: 400;\">K\u00ebto fibra ngadal\u00ebsojn\u00eb thithjen e sheqerit, gj\u00eb q\u00eb mund t\u00eb ndihmoj\u00eb njer\u00ebzit me diabet t\u00eb rregullojn\u00eb nivelet e glukoz\u00ebs n\u00eb gjak. Fibrat jan\u00eb t\u00eb ul\u00ebta n\u00eb kalori, ngadal\u00ebsojn\u00eb tretjen e ushqimit, k\u00ebshtu q\u00eb ne kemi nj\u00eb ndjenj\u00eb t\u00eb ngopjes dhe nuk p\u00ebrpiqemi p\u00ebr ushqime t\u00eb tjera midis shujtave, gj\u00eb q\u00eb \u00ebsht\u00eb e r\u00ebnd\u00ebsishme p\u00ebr t\u00eb gjith\u00eb n\u00eb diet\u00eb.<\/span><\/p><p>\u00a0<\/p>\t\t\t\t\t\t<\/div>\n\t\t\t\t<\/div>\n\t\t\t\t\t<\/div>\n\t\t<\/div>\n\t\t\t\t<div class=\"elementor-column elementor-col-33 elementor-top-column elementor-element elementor-element-a01c627\" data-id=\"a01c627\" data-element_type=\"column\">\n\t\t\t<div class=\"elementor-widget-wrap\">\n\t\t\t\t\t\t\t\t\t<\/div>\n\t\t<\/div>\n\t\t\t\t\t\t\t<\/div>\n\t\t<\/section>\n\t\t\t\t<section class=\"elementor-section elementor-top-section elementor-element elementor-element-dca69e2 elementor-section-stretched elementor-section-boxed elementor-section-height-default elementor-section-height-default\" data-id=\"dca69e2\" data-element_type=\"section\" data-settings=\"{&quot;background_background&quot;:&quot;gradient&quot;,&quot;stretch_section&quot;:&quot;section-stretched&quot;}\">\n\t\t\t\t\t\t<div class=\"elementor-container elementor-column-gap-no\">\n\t\t\t\t\t<div class=\"elementor-column elementor-col-50 elementor-top-column elementor-element elementor-element-89f3ffb\" data-id=\"89f3ffb\" data-element_type=\"column\">\n\t\t\t<div class=\"elementor-widget-wrap elementor-element-populated\">\n\t\t\t\t\t\t\t\t<div class=\"elementor-element elementor-element-cee7ed3 elementor-widget elementor-widget-heading\" data-id=\"cee7ed3\" data-element_type=\"widget\" data-widget_type=\"heading.default\">\n\t\t\t\t<div class=\"elementor-widget-container\">\n\t\t\t<h3 class=\"elementor-heading-title elementor-size-default\">Keni nevoj\u00eb? Na kontaktoni menj\u00ebher\u00eb <\/h3>\t\t<\/div>\n\t\t\t\t<\/div>\n\t\t\t\t\t<\/div>\n\t\t<\/div>\n\t\t\t\t<div class=\"elementor-column elementor-col-50 elementor-top-column elementor-element elementor-element-f9a1ab7\" data-id=\"f9a1ab7\" data-element_type=\"column\">\n\t\t\t<div class=\"elementor-widget-wrap elementor-element-populated\">\n\t\t\t\t\t\t\t\t<div class=\"elementor-element elementor-element-b6bde10 elementor-align-right elementor-mobile-align-center elementor-widget elementor-widget-button\" data-id=\"b6bde10\" data-element_type=\"widget\" data-widget_type=\"button.default\">\n\t\t\t\t<div class=\"elementor-widget-container\">\n\t\t\t\t\t<div class=\"elementor-button-wrapper\">\n\t\t\t<a href=\"https:\/\/protekal.mk\/contact\/\" class=\"elementor-button-link elementor-button elementor-size-sm elementor-animation-grow\" role=\"button\">\n\t\t\t\t\t\t<span class=\"elementor-button-content-wrapper\">\n\t\t\t\t\t\t<span class=\"elementor-button-text\">Na kontaktoni<\/span>\n\t\t<\/span>\n\t\t\t\t\t<\/a>\n\t\t<\/div>\n\t\t\t\t<\/div>\n\t\t\t\t<\/div>\n\t\t\t\t\t<\/div>\n\t\t<\/div>\n\t\t\t\t\t\t\t<\/div>\n\t\t<\/section>\n\t\t\t\t<section class=\"elementor-section elementor-top-section elementor-element elementor-element-fc4a022 elementor-section-boxed elementor-section-height-default elementor-section-height-default\" data-id=\"fc4a022\" data-element_type=\"section\">\n\t\t\t\t\t\t<div class=\"elementor-container elementor-column-gap-default\">\n\t\t\t\t\t<div class=\"elementor-column elementor-col-100 elementor-top-column elementor-element elementor-element-4a91f1d\" data-id=\"4a91f1d\" data-element_type=\"column\">\n\t\t\t<div class=\"elementor-widget-wrap elementor-element-populated\">\n\t\t\t\t\t\t\t\t<div class=\"elementor-element elementor-element-cd2482f elementor-icon-list--layout-inline elementor-align-center elementor-list-item-link-full_width elementor-widget elementor-widget-icon-list\" data-id=\"cd2482f\" data-element_type=\"widget\" data-widget_type=\"icon-list.default\">\n\t\t\t\t<div class=\"elementor-widget-container\">\n\t\t\t\t\t<ul class=\"elementor-icon-list-items elementor-inline-items\">\n\t\t\t\t\t\t\t<li class=\"elementor-icon-list-item elementor-inline-item\">\n\t\t\t\t\t\t\t\t\t\t\t<a href=\"https:\/\/www.facebook.com\/zakratheme\">\n\n\t\t\t\t\t\t\t\t\t\t\t\t<span class=\"elementor-icon-list-icon\">\n\t\t\t\t\t\t\t<i aria-hidden=\"true\" class=\"fab fa-facebook-f\"><\/i>\t\t\t\t\t\t<\/span>\n\t\t\t\t\t\t\t\t\t\t<span class=\"elementor-icon-list-text\"><\/span>\n\t\t\t\t\t\t\t\t\t\t\t<\/a>\n\t\t\t\t\t\t\t\t\t<\/li>\n\t\t\t\t\t\t\t\t<li class=\"elementor-icon-list-item elementor-inline-item\">\n\t\t\t\t\t\t\t\t\t\t\t<a href=\"https:\/\/twitter.com\/zakratheme\/\">\n\n\t\t\t\t\t\t\t\t\t\t\t\t<span class=\"elementor-icon-list-icon\">\n\t\t\t\t\t\t\t<i aria-hidden=\"true\" class=\"fab fa-twitter\"><\/i>\t\t\t\t\t\t<\/span>\n\t\t\t\t\t\t\t\t\t\t<span class=\"elementor-icon-list-text\"><\/span>\n\t\t\t\t\t\t\t\t\t\t\t<\/a>\n\t\t\t\t\t\t\t\t\t<\/li>\n\t\t\t\t\t\t\t\t<li class=\"elementor-icon-list-item elementor-inline-item\">\n\t\t\t\t\t\t\t\t\t\t\t<a href=\"https:\/\/www.linkedin.com\/company\/themegrill-pvt.-ltd.\/\">\n\n\t\t\t\t\t\t\t\t\t\t\t\t<span class=\"elementor-icon-list-icon\">\n\t\t\t\t\t\t\t<i aria-hidden=\"true\" class=\"fab fa-linkedin-in\"><\/i>\t\t\t\t\t\t<\/span>\n\t\t\t\t\t\t\t\t\t\t<span class=\"elementor-icon-list-text\"><\/span>\n\t\t\t\t\t\t\t\t\t\t\t<\/a>\n\t\t\t\t\t\t\t\t\t<\/li>\n\t\t\t\t\t\t\t\t<li class=\"elementor-icon-list-item elementor-inline-item\">\n\t\t\t\t\t\t\t\t\t\t\t<a href=\"https:\/\/www.youtube.com\/channel\/UCxxUb-k2cT43fNXY-V39LXw\">\n\n\t\t\t\t\t\t\t\t\t\t\t\t<span class=\"elementor-icon-list-icon\">\n\t\t\t\t\t\t\t<i aria-hidden=\"true\" class=\"fab fa-youtube\"><\/i>\t\t\t\t\t\t<\/span>\n\t\t\t\t\t\t\t\t\t\t<span class=\"elementor-icon-list-text\"><\/span>\n\t\t\t\t\t\t\t\t\t\t\t<\/a>\n\t\t\t\t\t\t\t\t\t<\/li>\n\t\t\t\t\t\t\t\t<li class=\"elementor-icon-list-item elementor-inline-item\">\n\t\t\t\t\t\t\t\t\t\t\t<a href=\"https:\/\/www.pinterest.co.uk\/themegrill\">\n\n\t\t\t\t\t\t\t\t\t\t\t\t<span class=\"elementor-icon-list-icon\">\n\t\t\t\t\t\t\t<i aria-hidden=\"true\" class=\"fab fa-pinterest\"><\/i>\t\t\t\t\t\t<\/span>\n\t\t\t\t\t\t\t\t\t\t<span class=\"elementor-icon-list-text\"><\/span>\n\t\t\t\t\t\t\t\t\t\t\t<\/a>\n\t\t\t\t\t\t\t\t\t<\/li>\n\t\t\t\t\t\t<\/ul>\n\t\t\t\t<\/div>\n\t\t\t\t<\/div>\n\t\t\t\t\t<\/div>\n\t\t<\/div>\n\t\t\t\t\t\t\t<\/div>\n\t\t<\/section>\n\t\t\t\t\t\t<\/div>\n\t\t\t\t\t<\/div>","protected":false},"excerpt":{"rendered":"<p>PROTEKAL DEKSTRIN FIBRA T\u00cb TRETSHME NDIHMOJN N\u00cb KONSTIPACION DHE JAN\u00cb EFIKASE P\u00cbR SISTEMIN DIGJESTIV Dihet mir\u00eb q\u00eb fibrat e tretshme\u00a0 duhet t\u00eb konsumohen sa m\u00eb shum\u00eb q\u00eb t\u00eb jet\u00eb e mundur dhe t\u00eb gjith\u00eb mjek\u00ebt dhe nutricionist\u00ebt rekomandojn\u00eb ushqime t\u00eb pasura me k\u00ebt\u00eb fib\u00ebr. Fibrat e tretshme absorbohen natyrsh\u00ebm duke konsumuar fruta, perime, drith\u00ebra, bishtajore, [&hellip;]<\/p>","protected":false},"author":1,"featured_media":0,"parent":0,"menu_order":0,"comment_status":"closed","ping_status":"closed","template":"elementor_header_footer","meta":[],"_links":{"self":[{"href":"https:\/\/protekal.mk\/sq\/wp-json\/wp\/v2\/pages\/2846"}],"collection":[{"href":"https:\/\/protekal.mk\/sq\/wp-json\/wp\/v2\/pages"}],"about":[{"href":"https:\/\/protekal.mk\/sq\/wp-json\/wp\/v2\/types\/page"}],"author":[{"embeddable":true,"href":"https:\/\/protekal.mk\/sq\/wp-json\/wp\/v2\/users\/1"}],"replies":[{"embeddable":true,"href":"https:\/\/protekal.mk\/sq\/wp-json\/wp\/v2\/comments?post=2846"}],"version-history":[{"count":7,"href":"https:\/\/protekal.mk\/sq\/wp-json\/wp\/v2\/pages\/2846\/revisions"}],"predecessor-version":[{"id":2853,"href":"https:\/\/protekal.mk\/sq\/wp-json\/wp\/v2\/pages\/2846\/revisions\/2853"}],"wp:attachment":[{"href":"https:\/\/protekal.mk\/sq\/wp-json\/wp\/v2\/media?parent=2846"}],"curies":[{"name":"wp","href":"https:\/\/api.w.org\/{rel}","templated":true}]}}